{"id":88,"date":"2017-08-24T16:52:58","date_gmt":"2017-08-24T16:52:58","guid":{"rendered":"http:\/\/www.canamexeducation.com.mx\/es\/?page_id=88"},"modified":"2017-09-27T22:10:38","modified_gmt":"2017-09-27T22:10:38","slug":"contacto","status":"publish","type":"page","link":"https:\/\/www.canamexeducation.com.mx\/es\/contacto\/","title":{"rendered":"Contacto"},"content":{"rendered":"<h1 style=\"text-align: center;\"><strong>Cont\u00e1ctanos, nosotros te asesoramos. <\/strong><\/h1>\n<h2><\/h2>\n<h2 style=\"text-align: center;\"><strong>Nosotros te brindamos informaci\u00f3n para viajar, estudiar y vivir en el extranjero, ser\u00e1 una experiencia \u00fanica.<\/strong><\/h2>\n<p>&nbsp;<\/p>\n","protected":false},"excerpt":{"rendered":"<p>Cont\u00e1ctanos, nosotros te asesoramos. Nosotros te brindamos informaci\u00f3n para viajar, estudiar y vivir en el extranjero, ser\u00e1 una experiencia \u00fanica. &nbsp;<\/p>\n","protected":false},"author":1,"featured_media":0,"parent":0,"menu_order":0,"comment_status":"closed","ping_status":"closed","template":"contact.php","meta":{"jetpack_post_was_ever_published":false,"footnotes":""},"yoast_head":"<!-- This site is optimized with the Yoast SEO plugin v21.5 - https:\/\/yoast.com\/wordpress\/plugins\/seo\/ -->\n<title>Cont\u00e1ctanos. Estudia, viaja y aprende idiomas en el extranjero.<\/title>\n<meta name=\"description\" content=\"Canamex Education, brindamos servicios educativos de idiomas, en cursos de ingl\u00e9s, franc\u00e9s, alem\u00e1n o italiano, somos una buena opci\u00f3n para ti.\" \/>\n<meta name=\"robots\" content=\"index, follow, max-snippet:-1, max-image-preview:large, max-video-preview:-1\" \/>\n<link rel=\"canonical\" href=\"https:\/\/www.canamexeducation.com.mx\/es\/contacto\/\" \/>\n<meta property=\"og:locale\" content=\"es_ES\" \/>\n<meta property=\"og:type\" content=\"article\" \/>\n<meta property=\"og:title\" content=\"Cont\u00e1ctanos. Estudia, viaja y aprende idiomas en el extranjero.\" \/>\n<meta property=\"og:description\" content=\"Canamex Education, brindamos servicios educativos de idiomas, en cursos de ingl\u00e9s, franc\u00e9s, alem\u00e1n o italiano, somos una buena opci\u00f3n para ti.\" \/>\n<meta property=\"og:url\" content=\"https:\/\/www.canamexeducation.com.mx\/es\/contacto\/\" \/>\n<meta property=\"og:site_name\" content=\"Canamex\" \/>\n<meta property=\"article:modified_time\" content=\"2017-09-27T22:10:38+00:00\" \/>\n<meta name=\"twitter:card\" content=\"summary_large_image\" \/>\n<script type=\"application\/ld+json\" class=\"yoast-schema-graph\">{\"@context\":\"https:\/\/schema.org\",\"@graph\":[{\"@type\":\"WebPage\",\"@id\":\"https:\/\/www.canamexeducation.com.mx\/es\/contacto\/\",\"url\":\"https:\/\/www.canamexeducation.com.mx\/es\/contacto\/\",\"name\":\"Cont\u00e1ctanos. Estudia, viaja y aprende idiomas en el extranjero.\",\"isPartOf\":{\"@id\":\"https:\/\/www.canamexeducation.com.mx\/es\/#website\"},\"datePublished\":\"2017-08-24T16:52:58+00:00\",\"dateModified\":\"2017-09-27T22:10:38+00:00\",\"description\":\"Canamex Education, brindamos servicios educativos de idiomas, en cursos de ingl\u00e9s, franc\u00e9s, alem\u00e1n o italiano, somos una buena opci\u00f3n para ti.\",\"breadcrumb\":{\"@id\":\"https:\/\/www.canamexeducation.com.mx\/es\/contacto\/#breadcrumb\"},\"inLanguage\":\"es\",\"potentialAction\":[{\"@type\":\"ReadAction\",\"target\":[\"https:\/\/www.canamexeducation.com.mx\/es\/contacto\/\"]}]},{\"@type\":\"BreadcrumbList\",\"@id\":\"https:\/\/www.canamexeducation.com.mx\/es\/contacto\/#breadcrumb\",\"itemListElement\":[{\"@type\":\"ListItem\",\"position\":1,\"name\":\"Portada\",\"item\":\"https:\/\/www.canamexeducation.com.mx\/es\/\"},{\"@type\":\"ListItem\",\"position\":2,\"name\":\"Contacto\"}]},{\"@type\":\"WebSite\",\"@id\":\"https:\/\/www.canamexeducation.com.mx\/es\/#website\",\"url\":\"https:\/\/www.canamexeducation.com.mx\/es\/\",\"name\":\"Canamex\",\"description\":\"Vamos a viajar y estudiar ingles\",\"potentialAction\":[{\"@type\":\"SearchAction\",\"target\":{\"@type\":\"EntryPoint\",\"urlTemplate\":\"https:\/\/www.canamexeducation.com.mx\/es\/?s={search_term_string}\"},\"query-input\":\"required name=search_term_string\"}],\"inLanguage\":\"es\"}]}<\/script>\n<!-- \/ Yoast SEO plugin. -->","yoast_head_json":{"title":"Cont\u00e1ctanos. Estudia, viaja y aprende idiomas en el extranjero.","description":"Canamex Education, brindamos servicios educativos de idiomas, en cursos de ingl\u00e9s, franc\u00e9s, alem\u00e1n o italiano, somos una buena opci\u00f3n para ti.","robots":{"index":"index","follow":"follow","max-snippet":"max-snippet:-1","max-image-preview":"max-image-preview:large","max-video-preview":"max-video-preview:-1"},"canonical":"https:\/\/www.canamexeducation.com.mx\/es\/contacto\/","og_locale":"es_ES","og_type":"article","og_title":"Cont\u00e1ctanos. Estudia, viaja y aprende idiomas en el extranjero.","og_description":"Canamex Education, brindamos servicios educativos de idiomas, en cursos de ingl\u00e9s, franc\u00e9s, alem\u00e1n o italiano, somos una buena opci\u00f3n para ti.","og_url":"https:\/\/www.canamexeducation.com.mx\/es\/contacto\/","og_site_name":"Canamex","article_modified_time":"2017-09-27T22:10:38+00:00","twitter_card":"summary_large_image","schema":{"@context":"https:\/\/schema.org","@graph":[{"@type":"WebPage","@id":"https:\/\/www.canamexeducation.com.mx\/es\/contacto\/","url":"https:\/\/www.canamexeducation.com.mx\/es\/contacto\/","name":"Cont\u00e1ctanos. Estudia, viaja y aprende idiomas en el extranjero.","isPartOf":{"@id":"https:\/\/www.canamexeducation.com.mx\/es\/#website"},"datePublished":"2017-08-24T16:52:58+00:00","dateModified":"2017-09-27T22:10:38+00:00","description":"Canamex Education, brindamos servicios educativos de idiomas, en cursos de ingl\u00e9s, franc\u00e9s, alem\u00e1n o italiano, somos una buena opci\u00f3n para ti.","breadcrumb":{"@id":"https:\/\/www.canamexeducation.com.mx\/es\/contacto\/#breadcrumb"},"inLanguage":"es","potentialAction":[{"@type":"ReadAction","target":["https:\/\/www.canamexeducation.com.mx\/es\/contacto\/"]}]},{"@type":"BreadcrumbList","@id":"https:\/\/www.canamexeducation.com.mx\/es\/contacto\/#breadcrumb","itemListElement":[{"@type":"ListItem","position":1,"name":"Portada","item":"https:\/\/www.canamexeducation.com.mx\/es\/"},{"@type":"ListItem","position":2,"name":"Contacto"}]},{"@type":"WebSite","@id":"https:\/\/www.canamexeducation.com.mx\/es\/#website","url":"https:\/\/www.canamexeducation.com.mx\/es\/","name":"Canamex","description":"Vamos a viajar y estudiar ingles","potentialAction":[{"@type":"SearchAction","target":{"@type":"EntryPoint","urlTemplate":"https:\/\/www.canamexeducation.com.mx\/es\/?s={search_term_string}"},"query-input":"required name=search_term_string"}],"inLanguage":"es"}]}},"jetpack_sharing_enabled":true,"jetpack_shortlink":"https:\/\/wp.me\/P962OV-1q","jetpack-related-posts":[{"id":259,"url":"https:\/\/www.canamexeducation.com.mx\/es\/servcios\/","url_meta":{"origin":88,"position":0},"title":"Servicios","author":"admin","date":"septiembre 13, 2017","format":false,"excerpt":"Brindamos servicios que facilitan tu viaje al extranjero. Antes y despu\u00e9s de tus estudios, te apoyamos y asesoramos para facilitar tus tr\u00e1mites, somos expertos. \u00a0 Permisos de Estudio. Si tu programa de estudio en el extranjero es mayor a 6 meses, debes tr\u00e1mitar un permiso para estudiar por el periodo\u2026","rel":"","context":"Entrada similar","block_context":{"text":"Entrada similar","link":""},"img":{"alt_text":"","src":"https:\/\/i0.wp.com\/www.canamexeducation.com.mx\/es\/wp-content\/uploads\/2017\/09\/PR-Canada-1.jpg?resize=350%2C200","width":350,"height":200},"classes":[]},{"id":215,"url":"https:\/\/www.canamexeducation.com.mx\/es\/aprender-ingles-en-el-extranjero\/","url_meta":{"origin":88,"position":1},"title":"Idiomas","author":"admin","date":"septiembre 12, 2017","format":false,"excerpt":"Aprender idiomas en el extranjero. Viajar, estudiar y vivir en el extranjero, es una experiencia \u00fanica. Conoce Toronto, Londres, Par\u00eds o Berl\u00edn. Aprender ingl\u00e9s en el extranjero y vivir en alg\u00fan pa\u00eds como Toronto, Londres, Par\u00eds o Berl\u00edn es una experiencia extraordinaria. Estudia ingl\u00e9s de una manera interactiva que no\u2026","rel":"","context":"Entrada similar","block_context":{"text":"Entrada similar","link":""},"img":{"alt_text":"","src":"https:\/\/i0.wp.com\/www.canamexeducation.com.mx\/es\/wp-content\/uploads\/2017\/09\/campamento_canamex2.jpg?resize=350%2C200","width":350,"height":200,"srcset":"https:\/\/i0.wp.com\/www.canamexeducation.com.mx\/es\/wp-content\/uploads\/2017\/09\/campamento_canamex2.jpg?resize=350%2C200 1x, https:\/\/i0.wp.com\/www.canamexeducation.com.mx\/es\/wp-content\/uploads\/2017\/09\/campamento_canamex2.jpg?resize=525%2C300 1.5x, https:\/\/i0.wp.com\/www.canamexeducation.com.mx\/es\/wp-content\/uploads\/2017\/09\/campamento_canamex2.jpg?resize=700%2C400 2x"},"classes":[]},{"id":217,"url":"https:\/\/www.canamexeducation.com.mx\/es\/anos-escolares\/","url_meta":{"origin":88,"position":2},"title":"A\u00f1os escolares","author":"admin","date":"septiembre 12, 2017","format":false,"excerpt":"Estudia la secundaria y la preparatoria en el extranjero. Estudiar a\u00f1os escolares en las mejores escuelas p\u00fablicas o privadas en otro pa\u00eds te permitir\u00e1 incrementar tu visi\u00f3n global, conocer y aprender diferentes culturas en diferentes pa\u00edses en un ambiente totalmente internacional. Las escuelas para estudiar la secundaria y la preparatoria\u2026","rel":"","context":"Entrada similar","block_context":{"text":"Entrada similar","link":""},"img":{"alt_text":"","src":"https:\/\/i0.wp.com\/www.canamexeducation.com.mx\/es\/wp-content\/uploads\/2017\/09\/a\u00c3\u00b1os_escolares1.jpg?resize=350%2C200","width":350,"height":200},"classes":[]},{"id":216,"url":"https:\/\/www.canamexeducation.com.mx\/es\/campamentos\/","url_meta":{"origin":88,"position":3},"title":"Campamentos","author":"admin","date":"septiembre 12, 2017","format":false,"excerpt":"\u00a1Nuestros campamentos de verano en el extranjero, son para ni\u00f1os y j\u00f3venes! Si est\u00e1s interesado en aprender un idioma, explorar una ciudad nueva y hacer amigos de diferentes nacionalidades, nos aseguramos de que esta experiencia sea inolvidable. \u00a1Viajar y aprender de forma divertida es posible! Un l\u00edder de Canamex Education\u2026","rel":"","context":"Entrada similar","block_context":{"text":"Entrada similar","link":""},"img":{"alt_text":"","src":"https:\/\/i0.wp.com\/www.canamexeducation.com.mx\/es\/wp-content\/uploads\/2017\/09\/campamento_canamex1.jpg?resize=350%2C200","width":350,"height":200,"srcset":"https:\/\/i0.wp.com\/www.canamexeducation.com.mx\/es\/wp-content\/uploads\/2017\/09\/campamento_canamex1.jpg?resize=350%2C200 1x, https:\/\/i0.wp.com\/www.canamexeducation.com.mx\/es\/wp-content\/uploads\/2017\/09\/campamento_canamex1.jpg?resize=525%2C300 1.5x"},"classes":[]}],"_links":{"self":[{"href":"https:\/\/www.canamexeducation.com.mx\/es\/wp-json\/wp\/v2\/pages\/88"}],"collection":[{"href":"https:\/\/www.canamexeducation.com.mx\/es\/wp-json\/wp\/v2\/pages"}],"about":[{"href":"https:\/\/www.canamexeducation.com.mx\/es\/wp-json\/wp\/v2\/types\/page"}],"author":[{"embeddable":true,"href":"https:\/\/www.canamexeducation.com.mx\/es\/wp-json\/wp\/v2\/users\/1"}],"replies":[{"embeddable":true,"href":"https:\/\/www.canamexeducation.com.mx\/es\/wp-json\/wp\/v2\/comments?post=88"}],"version-history":[{"count":12,"href":"https:\/\/www.canamexeducation.com.mx\/es\/wp-json\/wp\/v2\/pages\/88\/revisions"}],"predecessor-version":[{"id":305,"href":"https:\/\/www.canamexeducation.com.mx\/es\/wp-json\/wp\/v2\/pages\/88\/revisions\/305"}],"wp:attachment":[{"href":"https:\/\/www.canamexeducation.com.mx\/es\/wp-json\/wp\/v2\/media?parent=88"}],"curies":[{"name":"wp","href":"https:\/\/api.w.org\/{rel}","templated":true}]}}