{"id":365,"date":"2017-09-29T15:54:10","date_gmt":"2017-09-29T15:54:10","guid":{"rendered":"http:\/\/www.canamexeducation.com.mx\/es\/?page_id=365"},"modified":"2017-09-29T16:35:02","modified_gmt":"2017-09-29T16:35:02","slug":"aviso-de-privacidad","status":"publish","type":"page","link":"https:\/\/www.canamexeducation.com.mx\/es\/aviso-de-privacidad\/","title":{"rendered":"Aviso de privacidad"},"content":{"rendered":"<h1 style=\"text-align: center;\">AVISO DE PRIVACIDAD<\/h1>\n<p>Louissy Garnica Soria, mejor conocida como Canamex Education, con domicilio en calle Islas Malvinas 38, Colonia Residencial Chiluca, ciudad M\u00e9xico, Municipio Chiluca, C.P. 52930, en la entidad de Estado de M\u00e9xico, pa\u00eds M\u00e9xico y portal de internet www.canamexeducation.com.mx, es el responsable del uso y protecci\u00f3n de sus datos personales y al respecto le informamos lo siguiente:<\/p>\n<h2>\u00bfPara qu\u00e9 fines utilizaremos sus datos personales?<\/h2>\n<p>Los datos personales que recabamos de usted, los utilizaremos para las siguientes finalidades que son necesarias<br \/>\npara el servicio que solicita:<\/p>\n<ul>\n<li>Para verificar y confirmar su identidad.<\/li>\n<li>Para la inscripci\u00f3n de un programa acad\u00e9mico.<\/li>\n<li>Promover los servicios que ofrecemos.<\/li>\n<li>Actividades afines.<\/li>\n<li>Mercadotecnia o publicitaria.<\/li>\n<li>Prospecci\u00f3n comercial.<\/li>\n<\/ul>\n<h2>\u00bfQu\u00e9 datos personales utilizaremos para estos fines?<\/h2>\n<p>Para llevar a cabo las finalidades descritas en el presente aviso de privacidad, utilizaremos los siguientes datos<br \/>\npersonales:<\/p>\n<ul>\n<li>Pasatiempos.<\/li>\n<li>Aficiones.<\/li>\n<li>Deportes que practica.<\/li>\n<li>Juegos de su inter\u00e9s.<\/li>\n<li>Datos de identificaci\u00f3n.<\/li>\n<li>Datos de contacto.<\/li>\n<li>Datos sobre caracter\u00edsticas f\u00edsicas.<\/li>\n<li>Datos laborales.<\/li>\n<li>Datos acad\u00e9micos.<\/li>\n<li>Datos migratorios.<\/li>\n<li>Datos patrimoniales y\/o financieros.<\/li>\n<\/ul>\n<p>Adem\u00e1s de los datos personales mencionados anteriormente, para las finalidades informadas en el presente aviso de privacidad utilizaremos los siguientes datos personales considerados como sensibles, que requieren de especial protecci\u00f3n:<\/p>\n<ul>\n<li>Datos de salud.<\/li>\n<li>Datos de origen \u00e9tnico o racial<\/li>\n<\/ul>\n<h2>\u00bfC\u00f3mo puede acceder, rectificar o cancelar sus datos personales, u oponerse a su uso?<\/h2>\n<p>Usted tiene derecho a conocer qu\u00e9 datos personales tenemos de usted, para qu\u00e9 los utilizamos y las condiciones del uso que les damos (Acceso). Asimismo, es su derecho solicitar la correcci\u00f3n de su informaci\u00f3n personal en caso de que est\u00e9 desactualizada, sea inexacta o incompleta (Rectificaci\u00f3n); que la eliminemos de nuestros registros o bases de datos cuando considere que la misma no est\u00e1 siendo utilizada adecuadamente (Cancelaci\u00f3n); as\u00ed como oponerse al uso de sus datos personales para fines espec\u00edficos (Oposici\u00f3n). Estos derechos se conocen como derechos ARCO.<\/p>\n<p>Para el ejercicio de cualquiera de los derechos ARCO, usted deber\u00e1 presentar la solicitud respectiva a trav\u00e9s del siguiente medio:<\/p>\n<h3>info@canamexeducation.com.mx<\/h3>\n<p>Para conocer el procedimiento y requisitos para el ejercicio de los derechos ARCO, ponemos a su disposici\u00f3n el siguiente medio:<\/p>\n<h3>info@canamexeducation.com.mx<\/h3>\n","protected":false},"excerpt":{"rendered":"<p>AVISO DE PRIVACIDAD Louissy Garnica Soria, mejor conocida como Canamex Education, con domicilio en calle Islas Malvinas 38, Colonia Residencial Chiluca, ciudad M\u00e9xico, Municipio Chiluca, C.P. 52930, en la entidad de Estado de M\u00e9xico, pa\u00eds M\u00e9xico y portal de internet www.canamexeducation.com.mx, es el responsable del uso y protecci\u00f3n de sus datos personales y al respecto [&hellip;]<\/p>\n","protected":false},"author":1,"featured_media":0,"parent":0,"menu_order":0,"comment_status":"closed","ping_status":"closed","template":"fullwidth.php","meta":{"jetpack_post_was_ever_published":false,"footnotes":""},"yoast_head":"<!-- This site is optimized with the Yoast SEO plugin v21.5 - https:\/\/yoast.com\/wordpress\/plugins\/seo\/ -->\n<title>Aviso de privacidad - En Canamex Education cuidamos tus datos.<\/title>\n<meta name=\"description\" content=\"Aviso de privacidad, para protecci\u00f3n de datos personales en poseci\u00f3n de particulares, en Canamex Education cuidamos tus datos.\" \/>\n<meta name=\"robots\" content=\"index, follow, max-snippet:-1, max-image-preview:large, max-video-preview:-1\" \/>\n<link rel=\"canonical\" href=\"https:\/\/www.canamexeducation.com.mx\/es\/aviso-de-privacidad\/\" \/>\n<meta property=\"og:locale\" content=\"es_ES\" \/>\n<meta property=\"og:type\" content=\"article\" \/>\n<meta property=\"og:title\" content=\"Aviso de privacidad - En Canamex Education cuidamos tus datos.\" \/>\n<meta property=\"og:description\" content=\"Aviso de privacidad, para protecci\u00f3n de datos personales en poseci\u00f3n de particulares, en Canamex Education cuidamos tus datos.\" \/>\n<meta property=\"og:url\" content=\"https:\/\/www.canamexeducation.com.mx\/es\/aviso-de-privacidad\/\" \/>\n<meta property=\"og:site_name\" content=\"Canamex\" \/>\n<meta property=\"article:modified_time\" content=\"2017-09-29T16:35:02+00:00\" \/>\n<meta name=\"twitter:card\" content=\"summary_large_image\" \/>\n<meta name=\"twitter:label1\" content=\"Tiempo de lectura\" \/>\n\t<meta name=\"twitter:data1\" content=\"2 minutos\" \/>\n<script type=\"application\/ld+json\" class=\"yoast-schema-graph\">{\"@context\":\"https:\/\/schema.org\",\"@graph\":[{\"@type\":\"WebPage\",\"@id\":\"https:\/\/www.canamexeducation.com.mx\/es\/aviso-de-privacidad\/\",\"url\":\"https:\/\/www.canamexeducation.com.mx\/es\/aviso-de-privacidad\/\",\"name\":\"Aviso de privacidad - En Canamex Education cuidamos tus datos.\",\"isPartOf\":{\"@id\":\"https:\/\/www.canamexeducation.com.mx\/es\/#website\"},\"datePublished\":\"2017-09-29T15:54:10+00:00\",\"dateModified\":\"2017-09-29T16:35:02+00:00\",\"description\":\"Aviso de privacidad, para protecci\u00f3n de datos personales en poseci\u00f3n de particulares, en Canamex Education cuidamos tus datos.\",\"breadcrumb\":{\"@id\":\"https:\/\/www.canamexeducation.com.mx\/es\/aviso-de-privacidad\/#breadcrumb\"},\"inLanguage\":\"es\",\"potentialAction\":[{\"@type\":\"ReadAction\",\"target\":[\"https:\/\/www.canamexeducation.com.mx\/es\/aviso-de-privacidad\/\"]}]},{\"@type\":\"BreadcrumbList\",\"@id\":\"https:\/\/www.canamexeducation.com.mx\/es\/aviso-de-privacidad\/#breadcrumb\",\"itemListElement\":[{\"@type\":\"ListItem\",\"position\":1,\"name\":\"Portada\",\"item\":\"https:\/\/www.canamexeducation.com.mx\/es\/\"},{\"@type\":\"ListItem\",\"position\":2,\"name\":\"Aviso de privacidad\"}]},{\"@type\":\"WebSite\",\"@id\":\"https:\/\/www.canamexeducation.com.mx\/es\/#website\",\"url\":\"https:\/\/www.canamexeducation.com.mx\/es\/\",\"name\":\"Canamex\",\"description\":\"Vamos a viajar y estudiar ingles\",\"potentialAction\":[{\"@type\":\"SearchAction\",\"target\":{\"@type\":\"EntryPoint\",\"urlTemplate\":\"https:\/\/www.canamexeducation.com.mx\/es\/?s={search_term_string}\"},\"query-input\":\"required name=search_term_string\"}],\"inLanguage\":\"es\"}]}<\/script>\n<!-- \/ Yoast SEO plugin. -->","yoast_head_json":{"title":"Aviso de privacidad - En Canamex Education cuidamos tus datos.","description":"Aviso de privacidad, para protecci\u00f3n de datos personales en poseci\u00f3n de particulares, en Canamex Education cuidamos tus datos.","robots":{"index":"index","follow":"follow","max-snippet":"max-snippet:-1","max-image-preview":"max-image-preview:large","max-video-preview":"max-video-preview:-1"},"canonical":"https:\/\/www.canamexeducation.com.mx\/es\/aviso-de-privacidad\/","og_locale":"es_ES","og_type":"article","og_title":"Aviso de privacidad - En Canamex Education cuidamos tus datos.","og_description":"Aviso de privacidad, para protecci\u00f3n de datos personales en poseci\u00f3n de particulares, en Canamex Education cuidamos tus datos.","og_url":"https:\/\/www.canamexeducation.com.mx\/es\/aviso-de-privacidad\/","og_site_name":"Canamex","article_modified_time":"2017-09-29T16:35:02+00:00","twitter_card":"summary_large_image","twitter_misc":{"Tiempo de lectura":"2 minutos"},"schema":{"@context":"https:\/\/schema.org","@graph":[{"@type":"WebPage","@id":"https:\/\/www.canamexeducation.com.mx\/es\/aviso-de-privacidad\/","url":"https:\/\/www.canamexeducation.com.mx\/es\/aviso-de-privacidad\/","name":"Aviso de privacidad - En Canamex Education cuidamos tus datos.","isPartOf":{"@id":"https:\/\/www.canamexeducation.com.mx\/es\/#website"},"datePublished":"2017-09-29T15:54:10+00:00","dateModified":"2017-09-29T16:35:02+00:00","description":"Aviso de privacidad, para protecci\u00f3n de datos personales en poseci\u00f3n de particulares, en Canamex Education cuidamos tus datos.","breadcrumb":{"@id":"https:\/\/www.canamexeducation.com.mx\/es\/aviso-de-privacidad\/#breadcrumb"},"inLanguage":"es","potentialAction":[{"@type":"ReadAction","target":["https:\/\/www.canamexeducation.com.mx\/es\/aviso-de-privacidad\/"]}]},{"@type":"BreadcrumbList","@id":"https:\/\/www.canamexeducation.com.mx\/es\/aviso-de-privacidad\/#breadcrumb","itemListElement":[{"@type":"ListItem","position":1,"name":"Portada","item":"https:\/\/www.canamexeducation.com.mx\/es\/"},{"@type":"ListItem","position":2,"name":"Aviso de privacidad"}]},{"@type":"WebSite","@id":"https:\/\/www.canamexeducation.com.mx\/es\/#website","url":"https:\/\/www.canamexeducation.com.mx\/es\/","name":"Canamex","description":"Vamos a viajar y estudiar ingles","potentialAction":[{"@type":"SearchAction","target":{"@type":"EntryPoint","urlTemplate":"https:\/\/www.canamexeducation.com.mx\/es\/?s={search_term_string}"},"query-input":"required name=search_term_string"}],"inLanguage":"es"}]}},"jetpack_sharing_enabled":true,"jetpack_shortlink":"https:\/\/wp.me\/P962OV-5T","jetpack-related-posts":[{"id":217,"url":"https:\/\/www.canamexeducation.com.mx\/es\/anos-escolares\/","url_meta":{"origin":365,"position":0},"title":"A\u00f1os escolares","author":"admin","date":"septiembre 12, 2017","format":false,"excerpt":"Estudia la secundaria y la preparatoria en el extranjero. Estudiar a\u00f1os escolares en las mejores escuelas p\u00fablicas o privadas en otro pa\u00eds te permitir\u00e1 incrementar tu visi\u00f3n global, conocer y aprender diferentes culturas en diferentes pa\u00edses en un ambiente totalmente internacional. Las escuelas para estudiar la secundaria y la preparatoria\u2026","rel":"","context":"Entrada similar","block_context":{"text":"Entrada similar","link":""},"img":{"alt_text":"","src":"https:\/\/i0.wp.com\/www.canamexeducation.com.mx\/es\/wp-content\/uploads\/2017\/09\/a\u00c3\u00b1os_escolares1.jpg?resize=350%2C200","width":350,"height":200},"classes":[]},{"id":216,"url":"https:\/\/www.canamexeducation.com.mx\/es\/campamentos\/","url_meta":{"origin":365,"position":1},"title":"Campamentos","author":"admin","date":"septiembre 12, 2017","format":false,"excerpt":"\u00a1Nuestros campamentos de verano en el extranjero, son para ni\u00f1os y j\u00f3venes! Si est\u00e1s interesado en aprender un idioma, explorar una ciudad nueva y hacer amigos de diferentes nacionalidades, nos aseguramos de que esta experiencia sea inolvidable. \u00a1Viajar y aprender de forma divertida es posible! Un l\u00edder de Canamex Education\u2026","rel":"","context":"Entrada similar","block_context":{"text":"Entrada similar","link":""},"img":{"alt_text":"","src":"https:\/\/i0.wp.com\/www.canamexeducation.com.mx\/es\/wp-content\/uploads\/2017\/09\/campamento_canamex1.jpg?resize=350%2C200","width":350,"height":200,"srcset":"https:\/\/i0.wp.com\/www.canamexeducation.com.mx\/es\/wp-content\/uploads\/2017\/09\/campamento_canamex1.jpg?resize=350%2C200 1x, https:\/\/i0.wp.com\/www.canamexeducation.com.mx\/es\/wp-content\/uploads\/2017\/09\/campamento_canamex1.jpg?resize=525%2C300 1.5x"},"classes":[]},{"id":215,"url":"https:\/\/www.canamexeducation.com.mx\/es\/aprender-ingles-en-el-extranjero\/","url_meta":{"origin":365,"position":2},"title":"Idiomas","author":"admin","date":"septiembre 12, 2017","format":false,"excerpt":"Aprender idiomas en el extranjero. Viajar, estudiar y vivir en el extranjero, es una experiencia \u00fanica. Conoce Toronto, Londres, Par\u00eds o Berl\u00edn. Aprender ingl\u00e9s en el extranjero y vivir en alg\u00fan pa\u00eds como Toronto, Londres, Par\u00eds o Berl\u00edn es una experiencia extraordinaria. Estudia ingl\u00e9s de una manera interactiva que no\u2026","rel":"","context":"Entrada similar","block_context":{"text":"Entrada similar","link":""},"img":{"alt_text":"","src":"https:\/\/i0.wp.com\/www.canamexeducation.com.mx\/es\/wp-content\/uploads\/2017\/09\/campamento_canamex2.jpg?resize=350%2C200","width":350,"height":200,"srcset":"https:\/\/i0.wp.com\/www.canamexeducation.com.mx\/es\/wp-content\/uploads\/2017\/09\/campamento_canamex2.jpg?resize=350%2C200 1x, https:\/\/i0.wp.com\/www.canamexeducation.com.mx\/es\/wp-content\/uploads\/2017\/09\/campamento_canamex2.jpg?resize=525%2C300 1.5x, https:\/\/i0.wp.com\/www.canamexeducation.com.mx\/es\/wp-content\/uploads\/2017\/09\/campamento_canamex2.jpg?resize=700%2C400 2x"},"classes":[]},{"id":259,"url":"https:\/\/www.canamexeducation.com.mx\/es\/servcios\/","url_meta":{"origin":365,"position":3},"title":"Servicios","author":"admin","date":"septiembre 13, 2017","format":false,"excerpt":"Brindamos servicios que facilitan tu viaje al extranjero. Antes y despu\u00e9s de tus estudios, te apoyamos y asesoramos para facilitar tus tr\u00e1mites, somos expertos. \u00a0 Permisos de Estudio. Si tu programa de estudio en el extranjero es mayor a 6 meses, debes tr\u00e1mitar un permiso para estudiar por el periodo\u2026","rel":"","context":"Entrada similar","block_context":{"text":"Entrada similar","link":""},"img":{"alt_text":"","src":"https:\/\/i0.wp.com\/www.canamexeducation.com.mx\/es\/wp-content\/uploads\/2017\/09\/PR-Canada-1.jpg?resize=350%2C200","width":350,"height":200},"classes":[]},{"id":88,"url":"https:\/\/www.canamexeducation.com.mx\/es\/contacto\/","url_meta":{"origin":365,"position":4},"title":"Contacto","author":"admin","date":"agosto 24, 2017","format":false,"excerpt":"Cont\u00e1ctanos, nosotros te asesoramos. Nosotros te brindamos informaci\u00f3n para viajar, estudiar y vivir en el extranjero, ser\u00e1 una experiencia \u00fanica. \u00a0","rel":"","context":"Entrada similar","block_context":{"text":"Entrada similar","link":""},"img":{"alt_text":"","src":"","width":0,"height":0},"classes":[]}],"_links":{"self":[{"href":"https:\/\/www.canamexeducation.com.mx\/es\/wp-json\/wp\/v2\/pages\/365"}],"collection":[{"href":"https:\/\/www.canamexeducation.com.mx\/es\/wp-json\/wp\/v2\/pages"}],"about":[{"href":"https:\/\/www.canamexeducation.com.mx\/es\/wp-json\/wp\/v2\/types\/page"}],"author":[{"embeddable":true,"href":"https:\/\/www.canamexeducation.com.mx\/es\/wp-json\/wp\/v2\/users\/1"}],"replies":[{"embeddable":true,"href":"https:\/\/www.canamexeducation.com.mx\/es\/wp-json\/wp\/v2\/comments?post=365"}],"version-history":[{"count":4,"href":"https:\/\/www.canamexeducation.com.mx\/es\/wp-json\/wp\/v2\/pages\/365\/revisions"}],"predecessor-version":[{"id":391,"href":"https:\/\/www.canamexeducation.com.mx\/es\/wp-json\/wp\/v2\/pages\/365\/revisions\/391"}],"wp:attachment":[{"href":"https:\/\/www.canamexeducation.com.mx\/es\/wp-json\/wp\/v2\/media?parent=365"}],"curies":[{"name":"wp","href":"https:\/\/api.w.org\/{rel}","templated":true}]}}