{"id":259,"date":"2017-09-13T21:16:44","date_gmt":"2017-09-13T21:16:44","guid":{"rendered":"http:\/\/www.canamexeducation.com.mx\/es\/?page_id=259"},"modified":"2017-09-28T02:52:48","modified_gmt":"2017-09-28T02:52:48","slug":"servcios","status":"publish","type":"page","link":"https:\/\/www.canamexeducation.com.mx\/es\/servcios\/","title":{"rendered":"Servicios"},"content":{"rendered":"<h1 style=\"text-align: center;\"><strong>Brindamos servicios que facilitan tu viaje al extranjero.<\/strong><\/h1>\n<h2 style=\"text-align: center;\">Antes y despu\u00e9s de tus estudios, te apoyamos y asesoramos para facilitar tus tr\u00e1mites, somos expertos.<\/h2>\n<h2><\/h2>\n<h2><a href=\"https:\/\/i0.wp.com\/www.canamexeducation.com.mx\/es\/wp-content\/uploads\/2017\/09\/PR-Canada-1.jpg\"><img data-attachment-id=\"352\" data-permalink=\"https:\/\/www.canamexeducation.com.mx\/es\/servcios\/attachment\/pr-canada-1\/\" data-orig-file=\"https:\/\/i0.wp.com\/www.canamexeducation.com.mx\/es\/wp-content\/uploads\/2017\/09\/PR-Canada-1.jpg?fit=640%2C480&amp;ssl=1\" data-orig-size=\"640,480\" data-comments-opened=\"1\" data-image-meta=\"{&quot;aperture&quot;:&quot;0&quot;,&quot;credit&quot;:&quot;&quot;,&quot;camera&quot;:&quot;&quot;,&quot;caption&quot;:&quot;&quot;,&quot;created_timestamp&quot;:&quot;0&quot;,&quot;copyright&quot;:&quot;&quot;,&quot;focal_length&quot;:&quot;0&quot;,&quot;iso&quot;:&quot;0&quot;,&quot;shutter_speed&quot;:&quot;0&quot;,&quot;title&quot;:&quot;&quot;,&quot;orientation&quot;:&quot;0&quot;}\" data-image-title=\"PR-Canada-1\" data-image-description=\"\" data-image-caption=\"\" data-medium-file=\"https:\/\/i0.wp.com\/www.canamexeducation.com.mx\/es\/wp-content\/uploads\/2017\/09\/PR-Canada-1.jpg?fit=300%2C225&amp;ssl=1\" data-large-file=\"https:\/\/i0.wp.com\/www.canamexeducation.com.mx\/es\/wp-content\/uploads\/2017\/09\/PR-Canada-1.jpg?fit=640%2C480&amp;ssl=1\" decoding=\"async\" loading=\"lazy\" class=\"alignright wp-image-352 \" src=\"https:\/\/i0.wp.com\/www.canamexeducation.com.mx\/es\/wp-content\/uploads\/2017\/09\/PR-Canada-1.jpg?resize=462%2C348\" alt=\"\" width=\"462\" height=\"348\" srcset=\"https:\/\/i0.wp.com\/www.canamexeducation.com.mx\/es\/wp-content\/uploads\/2017\/09\/PR-Canada-1.jpg?w=640&amp;ssl=1 640w, https:\/\/i0.wp.com\/www.canamexeducation.com.mx\/es\/wp-content\/uploads\/2017\/09\/PR-Canada-1.jpg?resize=300%2C225&amp;ssl=1 300w\" sizes=\"(max-width: 462px) 100vw, 462px\" data-recalc-dims=\"1\" \/><\/a><\/h2>\n<p>&nbsp;<\/p>\n<h2 style=\"text-align: center;\"><strong>Permisos de Estudio.<\/strong><\/h2>\n<p>Si tu programa de estudio en el extranjero es mayor a 6 meses, debes tr\u00e1mitar un permiso para estudiar por el periodo de duraci\u00f3n de \u00e9ste. Te asesoramos para realizar el tr\u00e1mite o podemos llenar los formularios y presentar tu expediente ante las embajadas que lo permiten como tu representante.<\/p>\n<h2 style=\"text-align: center;\"><\/h2>\n<h2 style=\"text-align: center;\"><strong>Recepci\u00f3n en el aeropuerto.<\/strong><\/h2>\n<p>Puedes contratar el servicio de recepci\u00f3n para que tu llegada al extranjero resulte a\u00fan m\u00e1s sencilla. Una persona te estar\u00e1 esperando en el aeropuerto y te trasladar\u00e1 a tu alojamiento y viceversa.<\/p>\n<h2><\/h2>\n<h2><\/h2>\n<h2><\/h2>\n<p>&nbsp;<\/p>\n<h2><\/h2>\n<h2 style=\"text-align: center;\"><strong><a href=\"https:\/\/i0.wp.com\/www.canamexeducation.com.mx\/es\/wp-content\/uploads\/2017\/09\/shutterstock_131746163-1.jpg\"><img data-attachment-id=\"353\" data-permalink=\"https:\/\/www.canamexeducation.com.mx\/es\/servcios\/attachment\/shutterstock_131746163-1\/\" data-orig-file=\"https:\/\/i0.wp.com\/www.canamexeducation.com.mx\/es\/wp-content\/uploads\/2017\/09\/shutterstock_131746163-1.jpg?fit=710%2C270&amp;ssl=1\" data-orig-size=\"710,270\" data-comments-opened=\"1\" data-image-meta=\"{&quot;aperture&quot;:&quot;0&quot;,&quot;credit&quot;:&quot;&quot;,&quot;camera&quot;:&quot;&quot;,&quot;caption&quot;:&quot;&quot;,&quot;created_timestamp&quot;:&quot;0&quot;,&quot;copyright&quot;:&quot;&quot;,&quot;focal_length&quot;:&quot;0&quot;,&quot;iso&quot;:&quot;0&quot;,&quot;shutter_speed&quot;:&quot;0&quot;,&quot;title&quot;:&quot;&quot;,&quot;orientation&quot;:&quot;0&quot;}\" data-image-title=\"shutterstock_131746163-1\" data-image-description=\"\" data-image-caption=\"\" data-medium-file=\"https:\/\/i0.wp.com\/www.canamexeducation.com.mx\/es\/wp-content\/uploads\/2017\/09\/shutterstock_131746163-1.jpg?fit=300%2C114&amp;ssl=1\" data-large-file=\"https:\/\/i0.wp.com\/www.canamexeducation.com.mx\/es\/wp-content\/uploads\/2017\/09\/shutterstock_131746163-1.jpg?fit=710%2C270&amp;ssl=1\" decoding=\"async\" loading=\"lazy\" class=\"alignleft wp-image-353 \" src=\"https:\/\/i0.wp.com\/www.canamexeducation.com.mx\/es\/wp-content\/uploads\/2017\/09\/shutterstock_131746163-1.jpg?resize=746%2C298\" alt=\"\" width=\"746\" height=\"298\" data-recalc-dims=\"1\" \/><\/a>Seguro de viaje y gastos m\u00e9dicos.<\/strong><\/h2>\n<p>Requisito indispensable cuando se trata de viajar al extranjero. Al contratar tu seguro de gastos m\u00e9dicos menores y mayores con nosotros puedes estudiar y viajar tranquilo, ya que tenemos convenios para ofrecer coberturas y tarifas especiales a nuestros estudiantes. El seguro tiene una cobertura internacional para gastos m\u00e9dicos por accidente o enfermedad, entre muchos rubros. Si requieres ampliar tu periodo de estudios en el extranjero, s\u00f3lo es necesario que nos notifiques para que podamos extenderte desde aqu\u00ed tu seguro.<\/p>\n<h2><\/h2>\n<h2><\/h2>\n<h2><\/h2>\n<p>&nbsp;<\/p>\n<h2 style=\"text-align: center;\"><strong>Revalidaci\u00f3n de Estudios.<\/strong><\/h2>\n<h2 style=\"text-align: center;\"><img data-attachment-id=\"295\" data-permalink=\"https:\/\/www.canamexeducation.com.mx\/es\/campamentos\/attachment\/sep_logo_2012\/\" data-orig-file=\"https:\/\/i0.wp.com\/www.canamexeducation.com.mx\/es\/wp-content\/uploads\/2017\/09\/SEP_logo_2012.png?fit=2000%2C686&amp;ssl=1\" data-orig-size=\"2000,686\" data-comments-opened=\"1\" data-image-meta=\"{&quot;aperture&quot;:&quot;0&quot;,&quot;credit&quot;:&quot;&quot;,&quot;camera&quot;:&quot;&quot;,&quot;caption&quot;:&quot;&quot;,&quot;created_timestamp&quot;:&quot;0&quot;,&quot;copyright&quot;:&quot;&quot;,&quot;focal_length&quot;:&quot;0&quot;,&quot;iso&quot;:&quot;0&quot;,&quot;shutter_speed&quot;:&quot;0&quot;,&quot;title&quot;:&quot;&quot;,&quot;orientation&quot;:&quot;0&quot;}\" data-image-title=\"SEP_logo_2012\" data-image-description=\"\" data-image-caption=\"\" data-medium-file=\"https:\/\/i0.wp.com\/www.canamexeducation.com.mx\/es\/wp-content\/uploads\/2017\/09\/SEP_logo_2012.png?fit=300%2C103&amp;ssl=1\" data-large-file=\"https:\/\/i0.wp.com\/www.canamexeducation.com.mx\/es\/wp-content\/uploads\/2017\/09\/SEP_logo_2012.png?fit=900%2C308&amp;ssl=1\" decoding=\"async\" loading=\"lazy\" class=\"size-medium wp-image-295 aligncenter\" src=\"https:\/\/i0.wp.com\/www.canamexeducation.com.mx\/es\/wp-content\/uploads\/2017\/09\/SEP_logo_2012-300x103.png?resize=300%2C103\" alt=\"\" width=\"300\" height=\"103\" srcset=\"https:\/\/i0.wp.com\/www.canamexeducation.com.mx\/es\/wp-content\/uploads\/2017\/09\/SEP_logo_2012.png?resize=300%2C103&amp;ssl=1 300w, https:\/\/i0.wp.com\/www.canamexeducation.com.mx\/es\/wp-content\/uploads\/2017\/09\/SEP_logo_2012.png?resize=768%2C263&amp;ssl=1 768w, https:\/\/i0.wp.com\/www.canamexeducation.com.mx\/es\/wp-content\/uploads\/2017\/09\/SEP_logo_2012.png?resize=1024%2C351&amp;ssl=1 1024w, https:\/\/i0.wp.com\/www.canamexeducation.com.mx\/es\/wp-content\/uploads\/2017\/09\/SEP_logo_2012.png?w=2000&amp;ssl=1 2000w, https:\/\/i0.wp.com\/www.canamexeducation.com.mx\/es\/wp-content\/uploads\/2017\/09\/SEP_logo_2012.png?w=1800&amp;ssl=1 1800w\" sizes=\"(max-width: 300px) 100vw, 300px\" data-recalc-dims=\"1\" \/><\/h2>\n<p style=\"text-align: center;\">A tu regreso nosotros realizamos el tr\u00e1mite de revalidaci\u00f3n<\/p>\n<p style=\"text-align: center;\">de tus estudios realizados en el extranjero ante la SEP o la UNAM<\/p>\n<p style=\"text-align: center;\">seg\u00fan sea el caso en tu representaci\u00f3n.<\/p>\n<p style=\"text-align: center;\"><img data-attachment-id=\"294\" data-permalink=\"https:\/\/www.canamexeducation.com.mx\/es\/campamentos\/attachment\/logo-unam\/\" data-orig-file=\"https:\/\/i0.wp.com\/www.canamexeducation.com.mx\/es\/wp-content\/uploads\/2017\/09\/LOGO-UNAM.png?fit=1997%2C2225&amp;ssl=1\" data-orig-size=\"1997,2225\" data-comments-opened=\"1\" data-image-meta=\"{&quot;aperture&quot;:&quot;0&quot;,&quot;credit&quot;:&quot;&quot;,&quot;camera&quot;:&quot;&quot;,&quot;caption&quot;:&quot;&quot;,&quot;created_timestamp&quot;:&quot;0&quot;,&quot;copyright&quot;:&quot;&quot;,&quot;focal_length&quot;:&quot;0&quot;,&quot;iso&quot;:&quot;0&quot;,&quot;shutter_speed&quot;:&quot;0&quot;,&quot;title&quot;:&quot;&quot;,&quot;orientation&quot;:&quot;0&quot;}\" data-image-title=\"LOGO-UNAM\" data-image-description=\"\" data-image-caption=\"\" data-medium-file=\"https:\/\/i0.wp.com\/www.canamexeducation.com.mx\/es\/wp-content\/uploads\/2017\/09\/LOGO-UNAM.png?fit=269%2C300&amp;ssl=1\" data-large-file=\"https:\/\/i0.wp.com\/www.canamexeducation.com.mx\/es\/wp-content\/uploads\/2017\/09\/LOGO-UNAM.png?fit=900%2C1003&amp;ssl=1\" decoding=\"async\" loading=\"lazy\" class=\"wp-image-294\" src=\"https:\/\/i0.wp.com\/www.canamexeducation.com.mx\/es\/wp-content\/uploads\/2017\/09\/LOGO-UNAM-269x300.png?resize=103%2C108\" alt=\"\" width=\"103\" height=\"108\" data-recalc-dims=\"1\" \/><\/p>\n<p>&nbsp;<\/p>\n<h1 style=\"text-align: center;\">\u00bfQuieres que te ayudemos?<\/h1>\n<h1 style=\"text-align: center;\">Cont\u00e1ctanos.<\/h1>\n<div data-test='contact-form' id='contact-form-259' class='wp-block-jetpack-contact-form-container '>\n<form action='https:\/\/www.canamexeducation.com.mx\/es\/servcios\/#contact-form-259' method='post' class='contact-form commentsblock'>\n<script>\n\t\t\t( function () {\n\t\t\t\tconst contact_forms = document.getElementsByClassName('contact-form');\n\n\t\t\t\tfor ( const form of contact_forms ) {\n\t\t\t\t\tform.onsubmit = function() {\n\t\t\t\t\t\tconst buttons = form.getElementsByTagName('button');\n\n\t\t\t\t\t\tfor( const button of buttons ) {\n\t\t\t\t\t\t\tbutton.setAttribute('disabled', true);\n\t\t\t\t\t\t}\n\t\t\t\t\t}\n\t\t\t\t}\n\t\t\t} )();\n\t\t<\/script>\n<div style=\"\" class='grunion-field-name-wrap grunion-field-wrap'  >\n<label\n\t\t\t\tfor='g259-nombre'\n\t\t\t\tclass='grunion-field-label name'>Nombre<span>(obligatorio)<\/span><\/label>\n<input\n\t\t\t\t\ttype='text'\n\t\t\t\t\tname='g259-nombre'\n\t\t\t\t\tid='g259-nombre'\n\t\t\t\t\tvalue=''\n\t\t\t\t\tclass='name  grunion-field' \n\t\t\t\t\trequired aria-required='true' \/>\n\t<\/div>\n\n<div style=\"\" class='grunion-field-email-wrap grunion-field-wrap'  >\n<label\n\t\t\t\tfor='g259-correoelectrnico'\n\t\t\t\tclass='grunion-field-label email'>Correo electr\u00f3nico<span>(obligatorio)<\/span><\/label>\n<input\n\t\t\t\t\ttype='email'\n\t\t\t\t\tname='g259-correoelectrnico'\n\t\t\t\t\tid='g259-correoelectrnico'\n\t\t\t\t\tvalue=''\n\t\t\t\t\tclass='email  grunion-field' \n\t\t\t\t\trequired aria-required='true' \/>\n\t<\/div>\n\n<div style=\"\" class='grunion-field-url-wrap grunion-field-wrap'  >\n<label\n\t\t\t\tfor='g259-telfono'\n\t\t\t\tclass='grunion-field-label url'>Tel\u00e9fono<\/label>\n<input\n\t\t\t\t\ttype='text'\n\t\t\t\t\tname='g259-telfono'\n\t\t\t\t\tid='g259-telfono'\n\t\t\t\t\tvalue=''\n\t\t\t\t\tclass='url  grunion-field' \n\t\t\t\t\ttitle=\"Por favor, introduce una URL v\u00e1lida - https:\/\/www.ejemplo.com\" oninvalid=\"setCustomValidity(&quot;Por favor, introduce una URL v\u00e1lida - https:\/\/www.ejemplo.com&quot;)\" oninput=\"setCustomValidity(&quot;&quot;)\" pattern=\"(([:\\\/a-zA-Z0-9_\\-]+)?(\\.[a-zA-Z0-9_\\-\\\/]+)+)\" data-type-override=\"url\"  \/>\n\t<\/div>\n\n<div style=\"\" class='grunion-field-textarea-wrap grunion-field-wrap'  >\n<label\n\t\t\t\tfor='contact-form-comment-g259-mensaje'\n\t\t\t\tclass='grunion-field-label textarea'>Mensaje<\/label>\n<textarea\n\t\t                style=''\n\t\t                name='g259-mensaje'\n\t\t                id='contact-form-comment-g259-mensaje'\n\t\t                rows='20' class='textarea  grunion-field'  ><\/textarea>\n\t<\/div>\n\t<p class='contact-submit'>\n\t\t<button type='submit' class='pushbutton-wide'>Enviar<\/button>\t\t<input type='hidden' name='contact-form-id' value='259' \/>\n\t\t<input type='hidden' name='action' value='grunion-contact-form' \/>\n\t\t<input type='hidden' name='contact-form-hash' value='e897e82fdeef353a2cac9ea560688b646f057751' \/>\n\t<\/p>\n<\/form>\n<\/div>\n","protected":false},"excerpt":{"rendered":"<p>Brindamos servicios que facilitan tu viaje al extranjero. Antes y despu\u00e9s de tus estudios, te apoyamos y asesoramos para facilitar tus tr\u00e1mites, somos expertos. &nbsp; Permisos de Estudio. Si tu programa de estudio en el extranjero es mayor a 6 meses, debes tr\u00e1mitar un permiso para estudiar por el periodo de duraci\u00f3n de \u00e9ste. Te [&hellip;]<\/p>\n","protected":false},"author":1,"featured_media":0,"parent":0,"menu_order":0,"comment_status":"closed","ping_status":"closed","template":"fullwidth.php","meta":{"jetpack_post_was_ever_published":false,"footnotes":""},"yoast_head":"<!-- This site is optimized with the Yoast SEO plugin v21.5 - https:\/\/yoast.com\/wordpress\/plugins\/seo\/ -->\n<title>Servicios - Canamex<\/title>\n<meta name=\"robots\" content=\"index, follow, max-snippet:-1, max-image-preview:large, max-video-preview:-1\" \/>\n<link rel=\"canonical\" href=\"https:\/\/www.canamexeducation.com.mx\/es\/servcios\/\" \/>\n<meta property=\"og:locale\" content=\"es_ES\" \/>\n<meta property=\"og:type\" content=\"article\" \/>\n<meta property=\"og:title\" content=\"Servicios - Canamex\" \/>\n<meta property=\"og:description\" content=\"Brindamos servicios que facilitan tu viaje al extranjero. Antes y despu\u00e9s de tus estudios, te apoyamos y asesoramos para facilitar tus tr\u00e1mites, somos expertos. &nbsp; Permisos de Estudio. Si tu programa de estudio en el extranjero es mayor a 6 meses, debes tr\u00e1mitar un permiso para estudiar por el periodo de duraci\u00f3n de \u00e9ste. Te [&hellip;]\" \/>\n<meta property=\"og:url\" content=\"https:\/\/www.canamexeducation.com.mx\/es\/servcios\/\" \/>\n<meta property=\"og:site_name\" content=\"Canamex\" \/>\n<meta property=\"article:modified_time\" content=\"2017-09-28T02:52:48+00:00\" \/>\n<meta property=\"og:image\" content=\"http:\/\/www.canamexeducation.com.mx\/es\/wp-content\/uploads\/2017\/09\/PR-Canada-1.jpg\" \/>\n<meta name=\"twitter:card\" content=\"summary_large_image\" \/>\n<meta name=\"twitter:label1\" content=\"Tiempo de lectura\" \/>\n\t<meta name=\"twitter:data1\" content=\"1 minuto\" \/>\n<script type=\"application\/ld+json\" class=\"yoast-schema-graph\">{\"@context\":\"https:\/\/schema.org\",\"@graph\":[{\"@type\":\"WebPage\",\"@id\":\"https:\/\/www.canamexeducation.com.mx\/es\/servcios\/\",\"url\":\"https:\/\/www.canamexeducation.com.mx\/es\/servcios\/\",\"name\":\"Servicios - Canamex\",\"isPartOf\":{\"@id\":\"https:\/\/www.canamexeducation.com.mx\/es\/#website\"},\"datePublished\":\"2017-09-13T21:16:44+00:00\",\"dateModified\":\"2017-09-28T02:52:48+00:00\",\"breadcrumb\":{\"@id\":\"https:\/\/www.canamexeducation.com.mx\/es\/servcios\/#breadcrumb\"},\"inLanguage\":\"es\",\"potentialAction\":[{\"@type\":\"ReadAction\",\"target\":[\"https:\/\/www.canamexeducation.com.mx\/es\/servcios\/\"]}]},{\"@type\":\"BreadcrumbList\",\"@id\":\"https:\/\/www.canamexeducation.com.mx\/es\/servcios\/#breadcrumb\",\"itemListElement\":[{\"@type\":\"ListItem\",\"position\":1,\"name\":\"Portada\",\"item\":\"https:\/\/www.canamexeducation.com.mx\/es\/\"},{\"@type\":\"ListItem\",\"position\":2,\"name\":\"Servicios\"}]},{\"@type\":\"WebSite\",\"@id\":\"https:\/\/www.canamexeducation.com.mx\/es\/#website\",\"url\":\"https:\/\/www.canamexeducation.com.mx\/es\/\",\"name\":\"Canamex\",\"description\":\"Vamos a viajar y estudiar ingles\",\"potentialAction\":[{\"@type\":\"SearchAction\",\"target\":{\"@type\":\"EntryPoint\",\"urlTemplate\":\"https:\/\/www.canamexeducation.com.mx\/es\/?s={search_term_string}\"},\"query-input\":\"required name=search_term_string\"}],\"inLanguage\":\"es\"}]}<\/script>\n<!-- \/ Yoast SEO plugin. -->","yoast_head_json":{"title":"Servicios - Canamex","robots":{"index":"index","follow":"follow","max-snippet":"max-snippet:-1","max-image-preview":"max-image-preview:large","max-video-preview":"max-video-preview:-1"},"canonical":"https:\/\/www.canamexeducation.com.mx\/es\/servcios\/","og_locale":"es_ES","og_type":"article","og_title":"Servicios - Canamex","og_description":"Brindamos servicios que facilitan tu viaje al extranjero. Antes y despu\u00e9s de tus estudios, te apoyamos y asesoramos para facilitar tus tr\u00e1mites, somos expertos. &nbsp; Permisos de Estudio. Si tu programa de estudio en el extranjero es mayor a 6 meses, debes tr\u00e1mitar un permiso para estudiar por el periodo de duraci\u00f3n de \u00e9ste. Te [&hellip;]","og_url":"https:\/\/www.canamexeducation.com.mx\/es\/servcios\/","og_site_name":"Canamex","article_modified_time":"2017-09-28T02:52:48+00:00","og_image":[{"url":"http:\/\/www.canamexeducation.com.mx\/es\/wp-content\/uploads\/2017\/09\/PR-Canada-1.jpg"}],"twitter_card":"summary_large_image","twitter_misc":{"Tiempo de lectura":"1 minuto"},"schema":{"@context":"https:\/\/schema.org","@graph":[{"@type":"WebPage","@id":"https:\/\/www.canamexeducation.com.mx\/es\/servcios\/","url":"https:\/\/www.canamexeducation.com.mx\/es\/servcios\/","name":"Servicios - Canamex","isPartOf":{"@id":"https:\/\/www.canamexeducation.com.mx\/es\/#website"},"datePublished":"2017-09-13T21:16:44+00:00","dateModified":"2017-09-28T02:52:48+00:00","breadcrumb":{"@id":"https:\/\/www.canamexeducation.com.mx\/es\/servcios\/#breadcrumb"},"inLanguage":"es","potentialAction":[{"@type":"ReadAction","target":["https:\/\/www.canamexeducation.com.mx\/es\/servcios\/"]}]},{"@type":"BreadcrumbList","@id":"https:\/\/www.canamexeducation.com.mx\/es\/servcios\/#breadcrumb","itemListElement":[{"@type":"ListItem","position":1,"name":"Portada","item":"https:\/\/www.canamexeducation.com.mx\/es\/"},{"@type":"ListItem","position":2,"name":"Servicios"}]},{"@type":"WebSite","@id":"https:\/\/www.canamexeducation.com.mx\/es\/#website","url":"https:\/\/www.canamexeducation.com.mx\/es\/","name":"Canamex","description":"Vamos a viajar y estudiar ingles","potentialAction":[{"@type":"SearchAction","target":{"@type":"EntryPoint","urlTemplate":"https:\/\/www.canamexeducation.com.mx\/es\/?s={search_term_string}"},"query-input":"required name=search_term_string"}],"inLanguage":"es"}]}},"jetpack_sharing_enabled":true,"jetpack_shortlink":"https:\/\/wp.me\/P962OV-4b","jetpack-related-posts":[{"id":88,"url":"https:\/\/www.canamexeducation.com.mx\/es\/contacto\/","url_meta":{"origin":259,"position":0},"title":"Contacto","author":"admin","date":"agosto 24, 2017","format":false,"excerpt":"Cont\u00e1ctanos, nosotros te asesoramos. Nosotros te brindamos informaci\u00f3n para viajar, estudiar y vivir en el extranjero, ser\u00e1 una experiencia \u00fanica. \u00a0","rel":"","context":"Entrada similar","block_context":{"text":"Entrada similar","link":""},"img":{"alt_text":"","src":"","width":0,"height":0},"classes":[]},{"id":217,"url":"https:\/\/www.canamexeducation.com.mx\/es\/anos-escolares\/","url_meta":{"origin":259,"position":1},"title":"A\u00f1os escolares","author":"admin","date":"septiembre 12, 2017","format":false,"excerpt":"Estudia la secundaria y la preparatoria en el extranjero. Estudiar a\u00f1os escolares en las mejores escuelas p\u00fablicas o privadas en otro pa\u00eds te permitir\u00e1 incrementar tu visi\u00f3n global, conocer y aprender diferentes culturas en diferentes pa\u00edses en un ambiente totalmente internacional. Las escuelas para estudiar la secundaria y la preparatoria\u2026","rel":"","context":"Entrada similar","block_context":{"text":"Entrada similar","link":""},"img":{"alt_text":"","src":"https:\/\/i0.wp.com\/www.canamexeducation.com.mx\/es\/wp-content\/uploads\/2017\/09\/a\u00c3\u00b1os_escolares1.jpg?resize=350%2C200","width":350,"height":200},"classes":[]},{"id":216,"url":"https:\/\/www.canamexeducation.com.mx\/es\/campamentos\/","url_meta":{"origin":259,"position":2},"title":"Campamentos","author":"admin","date":"septiembre 12, 2017","format":false,"excerpt":"\u00a1Nuestros campamentos de verano en el extranjero, son para ni\u00f1os y j\u00f3venes! Si est\u00e1s interesado en aprender un idioma, explorar una ciudad nueva y hacer amigos de diferentes nacionalidades, nos aseguramos de que esta experiencia sea inolvidable. \u00a1Viajar y aprender de forma divertida es posible! Un l\u00edder de Canamex Education\u2026","rel":"","context":"Entrada similar","block_context":{"text":"Entrada similar","link":""},"img":{"alt_text":"","src":"https:\/\/i0.wp.com\/www.canamexeducation.com.mx\/es\/wp-content\/uploads\/2017\/09\/campamento_canamex1.jpg?resize=350%2C200","width":350,"height":200,"srcset":"https:\/\/i0.wp.com\/www.canamexeducation.com.mx\/es\/wp-content\/uploads\/2017\/09\/campamento_canamex1.jpg?resize=350%2C200 1x, https:\/\/i0.wp.com\/www.canamexeducation.com.mx\/es\/wp-content\/uploads\/2017\/09\/campamento_canamex1.jpg?resize=525%2C300 1.5x"},"classes":[]},{"id":215,"url":"https:\/\/www.canamexeducation.com.mx\/es\/aprender-ingles-en-el-extranjero\/","url_meta":{"origin":259,"position":3},"title":"Idiomas","author":"admin","date":"septiembre 12, 2017","format":false,"excerpt":"Aprender idiomas en el extranjero. Viajar, estudiar y vivir en el extranjero, es una experiencia \u00fanica. Conoce Toronto, Londres, Par\u00eds o Berl\u00edn. Aprender ingl\u00e9s en el extranjero y vivir en alg\u00fan pa\u00eds como Toronto, Londres, Par\u00eds o Berl\u00edn es una experiencia extraordinaria. Estudia ingl\u00e9s de una manera interactiva que no\u2026","rel":"","context":"Entrada similar","block_context":{"text":"Entrada similar","link":""},"img":{"alt_text":"","src":"https:\/\/i0.wp.com\/www.canamexeducation.com.mx\/es\/wp-content\/uploads\/2017\/09\/campamento_canamex2.jpg?resize=350%2C200","width":350,"height":200,"srcset":"https:\/\/i0.wp.com\/www.canamexeducation.com.mx\/es\/wp-content\/uploads\/2017\/09\/campamento_canamex2.jpg?resize=350%2C200 1x, https:\/\/i0.wp.com\/www.canamexeducation.com.mx\/es\/wp-content\/uploads\/2017\/09\/campamento_canamex2.jpg?resize=525%2C300 1.5x, https:\/\/i0.wp.com\/www.canamexeducation.com.mx\/es\/wp-content\/uploads\/2017\/09\/campamento_canamex2.jpg?resize=700%2C400 2x"},"classes":[]},{"id":365,"url":"https:\/\/www.canamexeducation.com.mx\/es\/aviso-de-privacidad\/","url_meta":{"origin":259,"position":4},"title":"Aviso de privacidad","author":"admin","date":"septiembre 29, 2017","format":false,"excerpt":"AVISO DE PRIVACIDAD Louissy Garnica Soria, mejor conocida como Canamex Education, con domicilio en calle Islas Malvinas 38, Colonia Residencial Chiluca, ciudad M\u00e9xico, Municipio Chiluca, C.P. 52930, en la entidad de Estado de M\u00e9xico, pa\u00eds M\u00e9xico y portal de internet www.canamexeducation.com.mx, es el responsable del uso y protecci\u00f3n de sus\u2026","rel":"","context":"Entrada similar","block_context":{"text":"Entrada similar","link":""},"img":{"alt_text":"","src":"","width":0,"height":0},"classes":[]}],"_links":{"self":[{"href":"https:\/\/www.canamexeducation.com.mx\/es\/wp-json\/wp\/v2\/pages\/259"}],"collection":[{"href":"https:\/\/www.canamexeducation.com.mx\/es\/wp-json\/wp\/v2\/pages"}],"about":[{"href":"https:\/\/www.canamexeducation.com.mx\/es\/wp-json\/wp\/v2\/types\/page"}],"author":[{"embeddable":true,"href":"https:\/\/www.canamexeducation.com.mx\/es\/wp-json\/wp\/v2\/users\/1"}],"replies":[{"embeddable":true,"href":"https:\/\/www.canamexeducation.com.mx\/es\/wp-json\/wp\/v2\/comments?post=259"}],"version-history":[{"count":15,"href":"https:\/\/www.canamexeducation.com.mx\/es\/wp-json\/wp\/v2\/pages\/259\/revisions"}],"predecessor-version":[{"id":364,"href":"https:\/\/www.canamexeducation.com.mx\/es\/wp-json\/wp\/v2\/pages\/259\/revisions\/364"}],"wp:attachment":[{"href":"https:\/\/www.canamexeducation.com.mx\/es\/wp-json\/wp\/v2\/media?parent=259"}],"curies":[{"name":"wp","href":"https:\/\/api.w.org\/{rel}","templated":true}]}}