{"id":217,"date":"2017-09-12T23:41:36","date_gmt":"2017-09-12T23:41:36","guid":{"rendered":"http:\/\/www.canamexeducation.com.mx\/es\/?page_id=217"},"modified":"2017-09-28T01:10:27","modified_gmt":"2017-09-28T01:10:27","slug":"anos-escolares","status":"publish","type":"page","link":"https:\/\/www.canamexeducation.com.mx\/es\/anos-escolares\/","title":{"rendered":"A\u00f1os escolares"},"content":{"rendered":"<h1 style=\"text-align: center;\">Estudia la secundaria y la preparatoria en el extranjero.<\/h1>\n<h2 style=\"text-align: center;\">Estudiar a\u00f1os escolares en las mejores escuelas p\u00fablicas o privadas en otro pa\u00eds te permitir\u00e1 incrementar tu visi\u00f3n global, conocer y aprender diferentes culturas en diferentes pa\u00edses en un ambiente totalmente internacional.<\/h2>\n<p>Las escuelas para estudiar la secundaria y la preparatoria en el extranjero y cursar un a\u00f1o acad\u00e9mico tienen un gran prestigio y proporcionan a los alumnos una ense\u00f1anza personalizada y de alta calidad, sin duda alguna, es la mejor inversi\u00f3n en el futuro.<\/p>\n<p><strong><a href=\"https:\/\/i0.wp.com\/www.canamexeducation.com.mx\/es\/wp-content\/uploads\/2017\/09\/a\u00f1os_escolares1.jpg\"><img data-attachment-id=\"312\" data-permalink=\"https:\/\/www.canamexeducation.com.mx\/es\/anos-escolares\/attachment\/anos_escolares1\/\" data-orig-file=\"https:\/\/i0.wp.com\/www.canamexeducation.com.mx\/es\/wp-content\/uploads\/2017\/09\/a\u00f1os_escolares1.jpg?fit=960%2C640&amp;ssl=1\" data-orig-size=\"960,640\" data-comments-opened=\"1\" data-image-meta=\"{&quot;aperture&quot;:&quot;0&quot;,&quot;credit&quot;:&quot;&quot;,&quot;camera&quot;:&quot;&quot;,&quot;caption&quot;:&quot;&quot;,&quot;created_timestamp&quot;:&quot;0&quot;,&quot;copyright&quot;:&quot;&quot;,&quot;focal_length&quot;:&quot;0&quot;,&quot;iso&quot;:&quot;0&quot;,&quot;shutter_speed&quot;:&quot;0&quot;,&quot;title&quot;:&quot;&quot;,&quot;orientation&quot;:&quot;0&quot;}\" data-image-title=\"a\u00f1os_escolares1\" data-image-description=\"\" data-image-caption=\"\" data-medium-file=\"https:\/\/i0.wp.com\/www.canamexeducation.com.mx\/es\/wp-content\/uploads\/2017\/09\/a\u00f1os_escolares1.jpg?fit=300%2C200&amp;ssl=1\" data-large-file=\"https:\/\/i0.wp.com\/www.canamexeducation.com.mx\/es\/wp-content\/uploads\/2017\/09\/a\u00f1os_escolares1.jpg?fit=900%2C600&amp;ssl=1\" decoding=\"async\" loading=\"lazy\" class=\"alignleft wp-image-312 \" src=\"https:\/\/i0.wp.com\/www.canamexeducation.com.mx\/es\/wp-content\/uploads\/2017\/09\/a\u00f1os_escolares1.jpg?resize=433%2C275\" alt=\"\" width=\"433\" height=\"275\" data-recalc-dims=\"1\" \/><\/a><\/strong><\/p>\n<p>&nbsp;<\/p>\n<p><strong>Public School:<\/strong> Son las escuelas contraladas por el Estado y pagadas con los impuestos de los ciudadanos, adem\u00e1s de seguir el plan federal de educaci\u00f3n.<\/p>\n<p><strong>Private School:<\/strong> Como su nombre lo dice, estas son las escuelas en las que hay que pagar una colegiatura para poder estar en ellas, son de alta calidad, y adem\u00e1s es en las que puedes encontrar mayores diferencias derivadas de su orientaci\u00f3n.<\/p>\n<p><strong>Private Boarding School:<\/strong> Adem\u00e1s de ser privadas, cumplen con la funci\u00f3n de hospedar al estudiante; por otro lado, suelen ser las de mayor prestigio, y aquellas donde estudian los aspirantes a Universidades de renombre.<\/p>\n<h2><\/h2>\n<h2 style=\"text-align: center;\">Para un a\u00f1o de secundaria o preparatoria en el extranjero contamos con una red de destinos muy variada,\u00a0entre ellos se encuentran pa\u00edses como:<\/h2>\n<h2 style=\"text-align: center;\"><strong>Canad\u00e1, Estados Unidos, Suiza, Alemania, Australia e Irlanda.<\/strong><\/h2>\n<h2>Ventajas:<a href=\"https:\/\/i0.wp.com\/www.canamexeducation.com.mx\/es\/wp-content\/uploads\/2017\/09\/a\u00f1os_escolares2.jpg\"><img data-attachment-id=\"313\" data-permalink=\"https:\/\/www.canamexeducation.com.mx\/es\/anos-escolares\/attachment\/anos_escolares2\/\" data-orig-file=\"https:\/\/i0.wp.com\/www.canamexeducation.com.mx\/es\/wp-content\/uploads\/2017\/09\/a\u00f1os_escolares2.jpg?fit=960%2C640&amp;ssl=1\" data-orig-size=\"960,640\" data-comments-opened=\"1\" data-image-meta=\"{&quot;aperture&quot;:&quot;0&quot;,&quot;credit&quot;:&quot;&quot;,&quot;camera&quot;:&quot;&quot;,&quot;caption&quot;:&quot;&quot;,&quot;created_timestamp&quot;:&quot;0&quot;,&quot;copyright&quot;:&quot;&quot;,&quot;focal_length&quot;:&quot;0&quot;,&quot;iso&quot;:&quot;0&quot;,&quot;shutter_speed&quot;:&quot;0&quot;,&quot;title&quot;:&quot;&quot;,&quot;orientation&quot;:&quot;0&quot;}\" data-image-title=\"a\u00f1os_escolares2\" data-image-description=\"\" data-image-caption=\"\" data-medium-file=\"https:\/\/i0.wp.com\/www.canamexeducation.com.mx\/es\/wp-content\/uploads\/2017\/09\/a\u00f1os_escolares2.jpg?fit=300%2C200&amp;ssl=1\" data-large-file=\"https:\/\/i0.wp.com\/www.canamexeducation.com.mx\/es\/wp-content\/uploads\/2017\/09\/a\u00f1os_escolares2.jpg?fit=900%2C600&amp;ssl=1\" decoding=\"async\" loading=\"lazy\" class=\"alignright wp-image-313 \" src=\"https:\/\/i0.wp.com\/www.canamexeducation.com.mx\/es\/wp-content\/uploads\/2017\/09\/a\u00f1os_escolares2.jpg?resize=481%2C317\" alt=\"\" width=\"481\" height=\"317\" data-recalc-dims=\"1\" \/><\/a><\/h2>\n<ul>\n<li>Excelente nivel acad\u00e9mico en planes de estudio y calidad de la ense\u00f1anza.<\/li>\n<li>Profesores preparados y con alto nivel de estudios.<\/li>\n<li>Prestigio reconocido a nivel mundial.<\/li>\n<li>Acceso a Preparatorias y Universidades de renombre.<\/li>\n<li>M\u00e9todos de ense\u00f1anza exclusivos que combinan estudios y pr\u00e1cticas profesionales.<\/li>\n<li>Multiculturalidad, ya que miles de estudiantes de todo el mundo se matriculan cada a\u00f1o.<\/li>\n<li>Flexibilidad en tus estudios: Ya que en la mayor\u00eda de las escuelas puedes escoger tus materias, el n\u00famero de ellas, y tus horarios.<\/li>\n<\/ul>\n<p>Existe la posibilidad de revalidar sus estudios en M\u00e9xico ante la SEP o UNAM para a\u00f1os acad\u00e9micos completos, en caso de un semestre acad\u00e9mico se tendr\u00e1 que revisar directamente con la escuela.<\/p>\n<p><em>Nosotros te orientamos y realizamos el proceso de la revalidaci\u00f3n de los estudios cursados.<br \/>\n<\/em><\/p>\n<h2><a href=\"http:\/\/www.canamexeducation.com.mx\/es\/servcios\/\">\u00bfQuieres saber c\u00f3mo?<\/a><\/h2>\n","protected":false},"excerpt":{"rendered":"<p>Estudia la secundaria y la preparatoria en el extranjero. Estudiar a\u00f1os escolares en las mejores escuelas p\u00fablicas o privadas en otro pa\u00eds te permitir\u00e1 incrementar tu visi\u00f3n global, conocer y aprender diferentes culturas en diferentes pa\u00edses en un ambiente totalmente internacional. Las escuelas para estudiar la secundaria y la preparatoria en el extranjero y cursar [&hellip;]<\/p>\n","protected":false},"author":1,"featured_media":0,"parent":0,"menu_order":0,"comment_status":"closed","ping_status":"closed","template":"fullwidth.php","meta":{"jetpack_post_was_ever_published":false,"footnotes":""},"yoast_head":"<!-- This site is optimized with the Yoast SEO plugin v21.5 - https:\/\/yoast.com\/wordpress\/plugins\/seo\/ -->\n<title>Estudia la secundaria y la preparatoria en el extranjero.<\/title>\n<meta name=\"description\" content=\"Estudia la secundaria y la preparatoria en en extranjero en las mejores escuelas p\u00fablicas o privadas, te permitir\u00e1 incrementar tu visi\u00f3n global.\" \/>\n<meta name=\"robots\" content=\"index, follow, max-snippet:-1, max-image-preview:large, max-video-preview:-1\" \/>\n<link rel=\"canonical\" href=\"https:\/\/www.canamexeducation.com.mx\/es\/anos-escolares\/\" \/>\n<meta property=\"og:locale\" content=\"es_ES\" \/>\n<meta property=\"og:type\" content=\"article\" \/>\n<meta property=\"og:title\" content=\"Estudia la secundaria y la preparatoria en el extranjero.\" \/>\n<meta property=\"og:description\" content=\"Estudia la secundaria y la preparatoria en en extranjero en las mejores escuelas p\u00fablicas o privadas, te permitir\u00e1 incrementar tu visi\u00f3n global.\" \/>\n<meta property=\"og:url\" content=\"https:\/\/www.canamexeducation.com.mx\/es\/anos-escolares\/\" \/>\n<meta property=\"og:site_name\" content=\"Canamex\" \/>\n<meta property=\"article:modified_time\" content=\"2017-09-28T01:10:27+00:00\" \/>\n<meta property=\"og:image\" content=\"http:\/\/www.canamexeducation.com.mx\/es\/wp-content\/uploads\/2017\/09\/a\u00f1os_escolares1.jpg\" \/>\n<meta name=\"twitter:card\" content=\"summary_large_image\" \/>\n<meta name=\"twitter:label1\" content=\"Tiempo de lectura\" \/>\n\t<meta name=\"twitter:data1\" content=\"2 minutos\" \/>\n<script type=\"application\/ld+json\" class=\"yoast-schema-graph\">{\"@context\":\"https:\/\/schema.org\",\"@graph\":[{\"@type\":\"WebPage\",\"@id\":\"https:\/\/www.canamexeducation.com.mx\/es\/anos-escolares\/\",\"url\":\"https:\/\/www.canamexeducation.com.mx\/es\/anos-escolares\/\",\"name\":\"Estudia la secundaria y la preparatoria en el extranjero.\",\"isPartOf\":{\"@id\":\"https:\/\/www.canamexeducation.com.mx\/es\/#website\"},\"datePublished\":\"2017-09-12T23:41:36+00:00\",\"dateModified\":\"2017-09-28T01:10:27+00:00\",\"description\":\"Estudia la secundaria y la preparatoria en en extranjero en las mejores escuelas p\u00fablicas o privadas, te permitir\u00e1 incrementar tu visi\u00f3n global.\",\"breadcrumb\":{\"@id\":\"https:\/\/www.canamexeducation.com.mx\/es\/anos-escolares\/#breadcrumb\"},\"inLanguage\":\"es\",\"potentialAction\":[{\"@type\":\"ReadAction\",\"target\":[\"https:\/\/www.canamexeducation.com.mx\/es\/anos-escolares\/\"]}]},{\"@type\":\"BreadcrumbList\",\"@id\":\"https:\/\/www.canamexeducation.com.mx\/es\/anos-escolares\/#breadcrumb\",\"itemListElement\":[{\"@type\":\"ListItem\",\"position\":1,\"name\":\"Portada\",\"item\":\"https:\/\/www.canamexeducation.com.mx\/es\/\"},{\"@type\":\"ListItem\",\"position\":2,\"name\":\"A\u00f1os escolares\"}]},{\"@type\":\"WebSite\",\"@id\":\"https:\/\/www.canamexeducation.com.mx\/es\/#website\",\"url\":\"https:\/\/www.canamexeducation.com.mx\/es\/\",\"name\":\"Canamex\",\"description\":\"Vamos a viajar y estudiar ingles\",\"potentialAction\":[{\"@type\":\"SearchAction\",\"target\":{\"@type\":\"EntryPoint\",\"urlTemplate\":\"https:\/\/www.canamexeducation.com.mx\/es\/?s={search_term_string}\"},\"query-input\":\"required name=search_term_string\"}],\"inLanguage\":\"es\"}]}<\/script>\n<!-- \/ Yoast SEO plugin. -->","yoast_head_json":{"title":"Estudia la secundaria y la preparatoria en el extranjero.","description":"Estudia la secundaria y la preparatoria en en extranjero en las mejores escuelas p\u00fablicas o privadas, te permitir\u00e1 incrementar tu visi\u00f3n global.","robots":{"index":"index","follow":"follow","max-snippet":"max-snippet:-1","max-image-preview":"max-image-preview:large","max-video-preview":"max-video-preview:-1"},"canonical":"https:\/\/www.canamexeducation.com.mx\/es\/anos-escolares\/","og_locale":"es_ES","og_type":"article","og_title":"Estudia la secundaria y la preparatoria en el extranjero.","og_description":"Estudia la secundaria y la preparatoria en en extranjero en las mejores escuelas p\u00fablicas o privadas, te permitir\u00e1 incrementar tu visi\u00f3n global.","og_url":"https:\/\/www.canamexeducation.com.mx\/es\/anos-escolares\/","og_site_name":"Canamex","article_modified_time":"2017-09-28T01:10:27+00:00","og_image":[{"url":"http:\/\/www.canamexeducation.com.mx\/es\/wp-content\/uploads\/2017\/09\/a\u00f1os_escolares1.jpg"}],"twitter_card":"summary_large_image","twitter_misc":{"Tiempo de lectura":"2 minutos"},"schema":{"@context":"https:\/\/schema.org","@graph":[{"@type":"WebPage","@id":"https:\/\/www.canamexeducation.com.mx\/es\/anos-escolares\/","url":"https:\/\/www.canamexeducation.com.mx\/es\/anos-escolares\/","name":"Estudia la secundaria y la preparatoria en el extranjero.","isPartOf":{"@id":"https:\/\/www.canamexeducation.com.mx\/es\/#website"},"datePublished":"2017-09-12T23:41:36+00:00","dateModified":"2017-09-28T01:10:27+00:00","description":"Estudia la secundaria y la preparatoria en en extranjero en las mejores escuelas p\u00fablicas o privadas, te permitir\u00e1 incrementar tu visi\u00f3n global.","breadcrumb":{"@id":"https:\/\/www.canamexeducation.com.mx\/es\/anos-escolares\/#breadcrumb"},"inLanguage":"es","potentialAction":[{"@type":"ReadAction","target":["https:\/\/www.canamexeducation.com.mx\/es\/anos-escolares\/"]}]},{"@type":"BreadcrumbList","@id":"https:\/\/www.canamexeducation.com.mx\/es\/anos-escolares\/#breadcrumb","itemListElement":[{"@type":"ListItem","position":1,"name":"Portada","item":"https:\/\/www.canamexeducation.com.mx\/es\/"},{"@type":"ListItem","position":2,"name":"A\u00f1os escolares"}]},{"@type":"WebSite","@id":"https:\/\/www.canamexeducation.com.mx\/es\/#website","url":"https:\/\/www.canamexeducation.com.mx\/es\/","name":"Canamex","description":"Vamos a viajar y estudiar ingles","potentialAction":[{"@type":"SearchAction","target":{"@type":"EntryPoint","urlTemplate":"https:\/\/www.canamexeducation.com.mx\/es\/?s={search_term_string}"},"query-input":"required name=search_term_string"}],"inLanguage":"es"}]}},"jetpack_sharing_enabled":true,"jetpack_shortlink":"https:\/\/wp.me\/P962OV-3v","jetpack-related-posts":[{"id":215,"url":"https:\/\/www.canamexeducation.com.mx\/es\/aprender-ingles-en-el-extranjero\/","url_meta":{"origin":217,"position":0},"title":"Idiomas","author":"admin","date":"septiembre 12, 2017","format":false,"excerpt":"Aprender idiomas en el extranjero. Viajar, estudiar y vivir en el extranjero, es una experiencia \u00fanica. Conoce Toronto, Londres, Par\u00eds o Berl\u00edn. Aprender ingl\u00e9s en el extranjero y vivir en alg\u00fan pa\u00eds como Toronto, Londres, Par\u00eds o Berl\u00edn es una experiencia extraordinaria. Estudia ingl\u00e9s de una manera interactiva que no\u2026","rel":"","context":"Entrada similar","block_context":{"text":"Entrada similar","link":""},"img":{"alt_text":"","src":"https:\/\/i0.wp.com\/www.canamexeducation.com.mx\/es\/wp-content\/uploads\/2017\/09\/campamento_canamex2.jpg?resize=350%2C200","width":350,"height":200,"srcset":"https:\/\/i0.wp.com\/www.canamexeducation.com.mx\/es\/wp-content\/uploads\/2017\/09\/campamento_canamex2.jpg?resize=350%2C200 1x, https:\/\/i0.wp.com\/www.canamexeducation.com.mx\/es\/wp-content\/uploads\/2017\/09\/campamento_canamex2.jpg?resize=525%2C300 1.5x, https:\/\/i0.wp.com\/www.canamexeducation.com.mx\/es\/wp-content\/uploads\/2017\/09\/campamento_canamex2.jpg?resize=700%2C400 2x"},"classes":[]},{"id":259,"url":"https:\/\/www.canamexeducation.com.mx\/es\/servcios\/","url_meta":{"origin":217,"position":1},"title":"Servicios","author":"admin","date":"septiembre 13, 2017","format":false,"excerpt":"Brindamos servicios que facilitan tu viaje al extranjero. Antes y despu\u00e9s de tus estudios, te apoyamos y asesoramos para facilitar tus tr\u00e1mites, somos expertos. \u00a0 Permisos de Estudio. Si tu programa de estudio en el extranjero es mayor a 6 meses, debes tr\u00e1mitar un permiso para estudiar por el periodo\u2026","rel":"","context":"Entrada similar","block_context":{"text":"Entrada similar","link":""},"img":{"alt_text":"","src":"https:\/\/i0.wp.com\/www.canamexeducation.com.mx\/es\/wp-content\/uploads\/2017\/09\/PR-Canada-1.jpg?resize=350%2C200","width":350,"height":200},"classes":[]},{"id":216,"url":"https:\/\/www.canamexeducation.com.mx\/es\/campamentos\/","url_meta":{"origin":217,"position":2},"title":"Campamentos","author":"admin","date":"septiembre 12, 2017","format":false,"excerpt":"\u00a1Nuestros campamentos de verano en el extranjero, son para ni\u00f1os y j\u00f3venes! Si est\u00e1s interesado en aprender un idioma, explorar una ciudad nueva y hacer amigos de diferentes nacionalidades, nos aseguramos de que esta experiencia sea inolvidable. \u00a1Viajar y aprender de forma divertida es posible! Un l\u00edder de Canamex Education\u2026","rel":"","context":"Entrada similar","block_context":{"text":"Entrada similar","link":""},"img":{"alt_text":"","src":"https:\/\/i0.wp.com\/www.canamexeducation.com.mx\/es\/wp-content\/uploads\/2017\/09\/campamento_canamex1.jpg?resize=350%2C200","width":350,"height":200,"srcset":"https:\/\/i0.wp.com\/www.canamexeducation.com.mx\/es\/wp-content\/uploads\/2017\/09\/campamento_canamex1.jpg?resize=350%2C200 1x, https:\/\/i0.wp.com\/www.canamexeducation.com.mx\/es\/wp-content\/uploads\/2017\/09\/campamento_canamex1.jpg?resize=525%2C300 1.5x"},"classes":[]},{"id":88,"url":"https:\/\/www.canamexeducation.com.mx\/es\/contacto\/","url_meta":{"origin":217,"position":3},"title":"Contacto","author":"admin","date":"agosto 24, 2017","format":false,"excerpt":"Cont\u00e1ctanos, nosotros te asesoramos. Nosotros te brindamos informaci\u00f3n para viajar, estudiar y vivir en el extranjero, ser\u00e1 una experiencia \u00fanica. \u00a0","rel":"","context":"Entrada similar","block_context":{"text":"Entrada similar","link":""},"img":{"alt_text":"","src":"","width":0,"height":0},"classes":[]},{"id":365,"url":"https:\/\/www.canamexeducation.com.mx\/es\/aviso-de-privacidad\/","url_meta":{"origin":217,"position":4},"title":"Aviso de privacidad","author":"admin","date":"septiembre 29, 2017","format":false,"excerpt":"AVISO DE PRIVACIDAD Louissy Garnica Soria, mejor conocida como Canamex Education, con domicilio en calle Islas Malvinas 38, Colonia Residencial Chiluca, ciudad M\u00e9xico, Municipio Chiluca, C.P. 52930, en la entidad de Estado de M\u00e9xico, pa\u00eds M\u00e9xico y portal de internet www.canamexeducation.com.mx, es el responsable del uso y protecci\u00f3n de sus\u2026","rel":"","context":"Entrada similar","block_context":{"text":"Entrada similar","link":""},"img":{"alt_text":"","src":"","width":0,"height":0},"classes":[]}],"_links":{"self":[{"href":"https:\/\/www.canamexeducation.com.mx\/es\/wp-json\/wp\/v2\/pages\/217"}],"collection":[{"href":"https:\/\/www.canamexeducation.com.mx\/es\/wp-json\/wp\/v2\/pages"}],"about":[{"href":"https:\/\/www.canamexeducation.com.mx\/es\/wp-json\/wp\/v2\/types\/page"}],"author":[{"embeddable":true,"href":"https:\/\/www.canamexeducation.com.mx\/es\/wp-json\/wp\/v2\/users\/1"}],"replies":[{"embeddable":true,"href":"https:\/\/www.canamexeducation.com.mx\/es\/wp-json\/wp\/v2\/comments?post=217"}],"version-history":[{"count":8,"href":"https:\/\/www.canamexeducation.com.mx\/es\/wp-json\/wp\/v2\/pages\/217\/revisions"}],"predecessor-version":[{"id":498,"href":"https:\/\/www.canamexeducation.com.mx\/es\/wp-json\/wp\/v2\/pages\/217\/revisions\/498"}],"wp:attachment":[{"href":"https:\/\/www.canamexeducation.com.mx\/es\/wp-json\/wp\/v2\/media?parent=217"}],"curies":[{"name":"wp","href":"https:\/\/api.w.org\/{rel}","templated":true}]}}