{"id":215,"date":"2017-09-12T23:41:36","date_gmt":"2017-09-12T23:41:36","guid":{"rendered":"http:\/\/www.canamexeducation.com.mx\/es\/?page_id=215"},"modified":"2017-09-28T02:22:17","modified_gmt":"2017-09-28T02:22:17","slug":"aprender-ingles-en-el-extranjero","status":"publish","type":"page","link":"https:\/\/www.canamexeducation.com.mx\/es\/aprender-ingles-en-el-extranjero\/","title":{"rendered":"Idiomas"},"content":{"rendered":"<h1 style=\"text-align: center;\"><strong>Aprender idiomas en el extranjero.<\/strong><\/h1>\n<h1 style=\"text-align: center;\"><\/h1>\n<h2 style=\"text-align: center;\"><strong>Viajar, estudiar y vivir en el extranjero, es una experiencia \u00fanica.<\/strong><\/h2>\n<h2 style=\"text-align: center;\"><strong>Conoce Toronto, Londres, Par\u00eds o Berl\u00edn.<\/strong><\/h2>\n<p style=\"text-align: center;\"><a href=\"https:\/\/i0.wp.com\/www.canamexeducation.com.mx\/es\/wp-content\/uploads\/2017\/09\/campamento_canamex2.jpg\"><img data-attachment-id=\"319\" data-permalink=\"https:\/\/www.canamexeducation.com.mx\/es\/campamentos\/attachment\/campamento_canamex2\/\" data-orig-file=\"https:\/\/i0.wp.com\/www.canamexeducation.com.mx\/es\/wp-content\/uploads\/2017\/09\/campamento_canamex2.jpg?fit=960%2C425&amp;ssl=1\" data-orig-size=\"960,425\" data-comments-opened=\"1\" data-image-meta=\"{&quot;aperture&quot;:&quot;0&quot;,&quot;credit&quot;:&quot;&quot;,&quot;camera&quot;:&quot;&quot;,&quot;caption&quot;:&quot;&quot;,&quot;created_timestamp&quot;:&quot;0&quot;,&quot;copyright&quot;:&quot;&quot;,&quot;focal_length&quot;:&quot;0&quot;,&quot;iso&quot;:&quot;0&quot;,&quot;shutter_speed&quot;:&quot;0&quot;,&quot;title&quot;:&quot;&quot;,&quot;orientation&quot;:&quot;0&quot;}\" data-image-title=\"campamento_canamex2\" data-image-description=\"\" data-image-caption=\"\" data-medium-file=\"https:\/\/i0.wp.com\/www.canamexeducation.com.mx\/es\/wp-content\/uploads\/2017\/09\/campamento_canamex2.jpg?fit=300%2C133&amp;ssl=1\" data-large-file=\"https:\/\/i0.wp.com\/www.canamexeducation.com.mx\/es\/wp-content\/uploads\/2017\/09\/campamento_canamex2.jpg?fit=900%2C398&amp;ssl=1\" decoding=\"async\" loading=\"lazy\" class=\"wp-image-319 size-full aligncenter\" src=\"https:\/\/i0.wp.com\/www.canamexeducation.com.mx\/es\/wp-content\/uploads\/2017\/09\/campamento_canamex2.jpg?resize=900%2C398\" alt=\"\" width=\"900\" height=\"398\" srcset=\"https:\/\/i0.wp.com\/www.canamexeducation.com.mx\/es\/wp-content\/uploads\/2017\/09\/campamento_canamex2.jpg?w=960&amp;ssl=1 960w, https:\/\/i0.wp.com\/www.canamexeducation.com.mx\/es\/wp-content\/uploads\/2017\/09\/campamento_canamex2.jpg?resize=300%2C133&amp;ssl=1 300w, https:\/\/i0.wp.com\/www.canamexeducation.com.mx\/es\/wp-content\/uploads\/2017\/09\/campamento_canamex2.jpg?resize=768%2C340&amp;ssl=1 768w\" sizes=\"(max-width: 900px) 100vw, 900px\" data-recalc-dims=\"1\" \/><\/a><\/p>\n<p style=\"text-align: center;\">Aprender ingl\u00e9s en el extranjero y vivir en alg\u00fan pa\u00eds como Toronto, Londres, Par\u00eds o Berl\u00edn es una experiencia extraordinaria.<\/p>\n<p style=\"text-align: center;\">Estudia ingl\u00e9s de una manera interactiva que no se limite a un sal\u00f3n de clases.\u00a0Elije alguna de las 150 instituciones con las que tenemos convenios, con ubicaciones inmejorables, cursos flexibles y opciones de alojamiento.<\/p>\n<h1 style=\"text-align: center;\">Tenemos diversas opciones de clases especializadas en<\/h1>\n<h1 style=\"text-align: center;\">\u00a0<strong>ingl\u00e9s de negocios y preparaci\u00f3n para universidades.<br \/>\n<\/strong><\/h1>\n<p>&nbsp;<\/p>\n<h2 style=\"text-align: center;\"><strong>IELTS, TOEFL, TOEIC.<\/strong><\/h2>\n<h2 style=\"text-align: center;\"><strong><a href=\"https:\/\/i0.wp.com\/www.canamexeducation.com.mx\/es\/wp-content\/uploads\/2017\/09\/SPECIAL_ENGLISH1.png.jpg\"><img data-attachment-id=\"322\" data-permalink=\"https:\/\/www.canamexeducation.com.mx\/es\/aprender-ingles-en-el-extranjero\/attachment\/special_english1-png\/\" data-orig-file=\"https:\/\/i0.wp.com\/www.canamexeducation.com.mx\/es\/wp-content\/uploads\/2017\/09\/SPECIAL_ENGLISH1.png.jpg?fit=800%2C206&amp;ssl=1\" data-orig-size=\"800,206\" data-comments-opened=\"1\" data-image-meta=\"{&quot;aperture&quot;:&quot;0&quot;,&quot;credit&quot;:&quot;&quot;,&quot;camera&quot;:&quot;&quot;,&quot;caption&quot;:&quot;&quot;,&quot;created_timestamp&quot;:&quot;0&quot;,&quot;copyright&quot;:&quot;&quot;,&quot;focal_length&quot;:&quot;0&quot;,&quot;iso&quot;:&quot;0&quot;,&quot;shutter_speed&quot;:&quot;0&quot;,&quot;title&quot;:&quot;&quot;,&quot;orientation&quot;:&quot;0&quot;}\" data-image-title=\"SPECIAL_ENGLISH1.png\" data-image-description=\"\" data-image-caption=\"\" data-medium-file=\"https:\/\/i0.wp.com\/www.canamexeducation.com.mx\/es\/wp-content\/uploads\/2017\/09\/SPECIAL_ENGLISH1.png.jpg?fit=300%2C77&amp;ssl=1\" data-large-file=\"https:\/\/i0.wp.com\/www.canamexeducation.com.mx\/es\/wp-content\/uploads\/2017\/09\/SPECIAL_ENGLISH1.png.jpg?fit=800%2C206&amp;ssl=1\" decoding=\"async\" loading=\"lazy\" class=\"aligncenter wp-image-322 size-full\" src=\"https:\/\/i0.wp.com\/www.canamexeducation.com.mx\/es\/wp-content\/uploads\/2017\/09\/SPECIAL_ENGLISH1.png.jpg?resize=800%2C206\" alt=\"\" width=\"800\" height=\"206\" srcset=\"https:\/\/i0.wp.com\/www.canamexeducation.com.mx\/es\/wp-content\/uploads\/2017\/09\/SPECIAL_ENGLISH1.png.jpg?w=800&amp;ssl=1 800w, https:\/\/i0.wp.com\/www.canamexeducation.com.mx\/es\/wp-content\/uploads\/2017\/09\/SPECIAL_ENGLISH1.png.jpg?resize=300%2C77&amp;ssl=1 300w, https:\/\/i0.wp.com\/www.canamexeducation.com.mx\/es\/wp-content\/uploads\/2017\/09\/SPECIAL_ENGLISH1.png.jpg?resize=768%2C198&amp;ssl=1 768w\" sizes=\"(max-width: 800px) 100vw, 800px\" data-recalc-dims=\"1\" \/><\/a><\/strong>Cambridge\u00a0<strong>(KET,PET, FCE y CAE).<\/strong><\/h2>\n<p><a href=\"https:\/\/i0.wp.com\/www.canamexeducation.com.mx\/es\/wp-content\/uploads\/2017\/09\/SPECIAL_ENGLISH1.jpg\"><img data-attachment-id=\"350\" data-permalink=\"https:\/\/www.canamexeducation.com.mx\/es\/aprender-ingles-en-el-extranjero\/attachment\/special_english1\/\" data-orig-file=\"https:\/\/i0.wp.com\/www.canamexeducation.com.mx\/es\/wp-content\/uploads\/2017\/09\/SPECIAL_ENGLISH1.jpg?fit=800%2C206&amp;ssl=1\" data-orig-size=\"800,206\" data-comments-opened=\"1\" data-image-meta=\"{&quot;aperture&quot;:&quot;0&quot;,&quot;credit&quot;:&quot;&quot;,&quot;camera&quot;:&quot;&quot;,&quot;caption&quot;:&quot;&quot;,&quot;created_timestamp&quot;:&quot;0&quot;,&quot;copyright&quot;:&quot;&quot;,&quot;focal_length&quot;:&quot;0&quot;,&quot;iso&quot;:&quot;0&quot;,&quot;shutter_speed&quot;:&quot;0&quot;,&quot;title&quot;:&quot;&quot;,&quot;orientation&quot;:&quot;0&quot;}\" data-image-title=\"SPECIAL_ENGLISH1\" data-image-description=\"\" data-image-caption=\"\" data-medium-file=\"https:\/\/i0.wp.com\/www.canamexeducation.com.mx\/es\/wp-content\/uploads\/2017\/09\/SPECIAL_ENGLISH1.jpg?fit=300%2C77&amp;ssl=1\" data-large-file=\"https:\/\/i0.wp.com\/www.canamexeducation.com.mx\/es\/wp-content\/uploads\/2017\/09\/SPECIAL_ENGLISH1.jpg?fit=800%2C206&amp;ssl=1\" decoding=\"async\" loading=\"lazy\" class=\"wp-image-350 size-full aligncenter\" src=\"https:\/\/i0.wp.com\/www.canamexeducation.com.mx\/es\/wp-content\/uploads\/2017\/09\/SPECIAL_ENGLISH1.jpg?resize=800%2C206\" alt=\"\" width=\"800\" height=\"206\" srcset=\"https:\/\/i0.wp.com\/www.canamexeducation.com.mx\/es\/wp-content\/uploads\/2017\/09\/SPECIAL_ENGLISH1.jpg?w=800&amp;ssl=1 800w, https:\/\/i0.wp.com\/www.canamexeducation.com.mx\/es\/wp-content\/uploads\/2017\/09\/SPECIAL_ENGLISH1.jpg?resize=300%2C77&amp;ssl=1 300w, https:\/\/i0.wp.com\/www.canamexeducation.com.mx\/es\/wp-content\/uploads\/2017\/09\/SPECIAL_ENGLISH1.jpg?resize=768%2C198&amp;ssl=1 768w\" sizes=\"(max-width: 800px) 100vw, 800px\" data-recalc-dims=\"1\" \/><\/a><\/p>\n<p>Como sabes hablar ingl\u00e9s es un requisito indispensable para mejorar t\u00fa nivel actual de vida, ingresar al mundo laboral o crecer como profesional. Descubre lo fascinante que es comunicarse y convivir con todo tipo de personas, obtener nuevos conocimientos y sumergirse en la cultura de otro pa\u00eds.<\/p>\n<p>Explora lo mejor de la cultura, la belleza e historia de una de estas simb\u00f3licas ciudades. Conoce, aprende y sigue practicando el idioma todo el d\u00eda en una inmersi\u00f3n total en\u00a0un ambiente multicultural, agradable y seguro en diferentes situaciones y contextos, de una manera sumamente interactiva para obtener la capacidad de comunicarte eficazmente en ingl\u00e9s.<\/p>\n<p>Si tienes m\u00e1s de 16 a\u00f1os, est\u00e1 es una opci\u00f3n para ti, est\u00e1n disponibles todos los niveles del Idioma, elije uno de nuestros programas y comienza la aventura urbana. Si eres una persona que disfruta la aventura y quiere obtener el m\u00e1ximo partido de la convivencia social, estos cursos de ingl\u00e9s est\u00e1n dise\u00f1ados para que te puedas desarrollar en un ambiente natural. Te brindamos la oportunidad de desarrollarte a un ritmo que te permita aprender ingl\u00e9s de una manera practicable que garantiza mejorar tu nivel del idioma.<\/p>\n<p>Desde principiantes hasta avanzados, con duraci\u00f3n de 4 a 72 semanas. Los cursos inician todos los lunes. Adem\u00e1s, tenemos opciones de hospedaje en residencia escolar o homestay.<\/p>\n<h1 style=\"text-align: center;\"><strong>\u00bfQuieres m\u00e1s informaci\u00f3n?<\/strong><\/h1>\n<h1 style=\"text-align: center;\"><strong>Nosotros nos ponemos en contacto contigo, escr\u00edbenos.\u00a0<\/strong><\/h1>\n<div data-test='contact-form' id='contact-form-215' class='wp-block-jetpack-contact-form-container '>\n<form action='https:\/\/www.canamexeducation.com.mx\/es\/aprender-ingles-en-el-extranjero\/#contact-form-215' method='post' class='contact-form commentsblock'>\n<script>\n\t\t\t( function () {\n\t\t\t\tconst contact_forms = document.getElementsByClassName('contact-form');\n\n\t\t\t\tfor ( const form of contact_forms ) {\n\t\t\t\t\tform.onsubmit = function() {\n\t\t\t\t\t\tconst buttons = form.getElementsByTagName('button');\n\n\t\t\t\t\t\tfor( const button of buttons ) {\n\t\t\t\t\t\t\tbutton.setAttribute('disabled', true);\n\t\t\t\t\t\t}\n\t\t\t\t\t}\n\t\t\t\t}\n\t\t\t} )();\n\t\t<\/script>\n<div style=\"\" class='grunion-field-name-wrap grunion-field-wrap'  >\n<label\n\t\t\t\tfor='g215-nombre'\n\t\t\t\tclass='grunion-field-label name'>Nombre<span>(obligatorio)<\/span><\/label>\n<input\n\t\t\t\t\ttype='text'\n\t\t\t\t\tname='g215-nombre'\n\t\t\t\t\tid='g215-nombre'\n\t\t\t\t\tvalue=''\n\t\t\t\t\tclass='name  grunion-field' \n\t\t\t\t\trequired aria-required='true' \/>\n\t<\/div>\n\n<div style=\"\" class='grunion-field-email-wrap grunion-field-wrap'  >\n<label\n\t\t\t\tfor='g215-correoelectrnico'\n\t\t\t\tclass='grunion-field-label email'>Correo electr\u00f3nico<span>(obligatorio)<\/span><\/label>\n<input\n\t\t\t\t\ttype='email'\n\t\t\t\t\tname='g215-correoelectrnico'\n\t\t\t\t\tid='g215-correoelectrnico'\n\t\t\t\t\tvalue=''\n\t\t\t\t\tclass='email  grunion-field' \n\t\t\t\t\trequired aria-required='true' \/>\n\t<\/div>\n\n<div style=\"\" class='grunion-field-url-wrap grunion-field-wrap'  >\n<label\n\t\t\t\tfor='g215-telfono'\n\t\t\t\tclass='grunion-field-label url'>Tel\u00e9fono<\/label>\n<input\n\t\t\t\t\ttype='text'\n\t\t\t\t\tname='g215-telfono'\n\t\t\t\t\tid='g215-telfono'\n\t\t\t\t\tvalue=''\n\t\t\t\t\tclass='url  grunion-field' \n\t\t\t\t\ttitle=\"Por favor, introduce una URL v\u00e1lida - https:\/\/www.ejemplo.com\" oninvalid=\"setCustomValidity(&quot;Por favor, introduce una URL v\u00e1lida - https:\/\/www.ejemplo.com&quot;)\" oninput=\"setCustomValidity(&quot;&quot;)\" pattern=\"(([:\\\/a-zA-Z0-9_\\-]+)?(\\.[a-zA-Z0-9_\\-\\\/]+)+)\" data-type-override=\"url\"  \/>\n\t<\/div>\n\n<div style=\"\" class='grunion-field-textarea-wrap grunion-field-wrap'  >\n<label\n\t\t\t\tfor='contact-form-comment-g215-mensaje'\n\t\t\t\tclass='grunion-field-label textarea'>Mensaje<\/label>\n<textarea\n\t\t                style=''\n\t\t                name='g215-mensaje'\n\t\t                id='contact-form-comment-g215-mensaje'\n\t\t                rows='20' class='textarea  grunion-field'  ><\/textarea>\n\t<\/div>\n\t<p class='contact-submit'>\n\t\t<button type='submit' class='pushbutton-wide'>Enviar<\/button>\t\t<input type='hidden' name='contact-form-id' value='215' \/>\n\t\t<input type='hidden' name='action' value='grunion-contact-form' \/>\n\t\t<input type='hidden' name='contact-form-hash' value='328f1829db51d42a27df5ca9f7bdb3032b9a49d6' \/>\n\t<\/p>\n<\/form>\n<\/div>\n","protected":false},"excerpt":{"rendered":"<p>Aprender idiomas en el extranjero. Viajar, estudiar y vivir en el extranjero, es una experiencia \u00fanica. Conoce Toronto, Londres, Par\u00eds o Berl\u00edn. Aprender ingl\u00e9s en el extranjero y vivir en alg\u00fan pa\u00eds como Toronto, Londres, Par\u00eds o Berl\u00edn es una experiencia extraordinaria. Estudia ingl\u00e9s de una manera interactiva que no se limite a un sal\u00f3n [&hellip;]<\/p>\n","protected":false},"author":1,"featured_media":0,"parent":0,"menu_order":0,"comment_status":"closed","ping_status":"closed","template":"fullwidth.php","meta":{"jetpack_post_was_ever_published":false,"footnotes":""},"yoast_head":"<!-- This site is optimized with the Yoast SEO plugin v21.5 - https:\/\/yoast.com\/wordpress\/plugins\/seo\/ -->\n<title>Aprender idiomas en el extranjero - Canamex Education<\/title>\n<meta name=\"description\" content=\"Aprender idiomas en el extranjero adem\u00e1s de viajar, estudiar y vivir en otro pa\u00eds, es una experiencia \u00fanica. Conoce Toronto, Londres, Par\u00eds o Berl\u00edn.\" \/>\n<meta name=\"robots\" content=\"index, follow, max-snippet:-1, max-image-preview:large, max-video-preview:-1\" \/>\n<link rel=\"canonical\" href=\"https:\/\/www.canamexeducation.com.mx\/es\/aprender-ingles-en-el-extranjero\/\" \/>\n<meta property=\"og:locale\" content=\"es_ES\" \/>\n<meta property=\"og:type\" content=\"article\" \/>\n<meta property=\"og:title\" content=\"Aprender idiomas en el extranjero - Canamex Education\" \/>\n<meta property=\"og:description\" content=\"Aprender idiomas en el extranjero adem\u00e1s de viajar, estudiar y vivir en otro pa\u00eds, es una experiencia \u00fanica. Conoce Toronto, Londres, Par\u00eds o Berl\u00edn.\" \/>\n<meta property=\"og:url\" content=\"https:\/\/www.canamexeducation.com.mx\/es\/aprender-ingles-en-el-extranjero\/\" \/>\n<meta property=\"og:site_name\" content=\"Canamex\" \/>\n<meta property=\"article:modified_time\" content=\"2017-09-28T02:22:17+00:00\" \/>\n<meta property=\"og:image\" content=\"http:\/\/www.canamexeducation.com.mx\/es\/wp-content\/uploads\/2017\/09\/campamento_canamex2.jpg\" \/>\n<meta name=\"twitter:card\" content=\"summary_large_image\" \/>\n<meta name=\"twitter:label1\" content=\"Tiempo de lectura\" \/>\n\t<meta name=\"twitter:data1\" content=\"2 minutos\" \/>\n<script type=\"application\/ld+json\" class=\"yoast-schema-graph\">{\"@context\":\"https:\/\/schema.org\",\"@graph\":[{\"@type\":\"WebPage\",\"@id\":\"https:\/\/www.canamexeducation.com.mx\/es\/aprender-ingles-en-el-extranjero\/\",\"url\":\"https:\/\/www.canamexeducation.com.mx\/es\/aprender-ingles-en-el-extranjero\/\",\"name\":\"Aprender idiomas en el extranjero - Canamex Education\",\"isPartOf\":{\"@id\":\"https:\/\/www.canamexeducation.com.mx\/es\/#website\"},\"datePublished\":\"2017-09-12T23:41:36+00:00\",\"dateModified\":\"2017-09-28T02:22:17+00:00\",\"description\":\"Aprender idiomas en el extranjero adem\u00e1s de viajar, estudiar y vivir en otro pa\u00eds, es una experiencia \u00fanica. Conoce Toronto, Londres, Par\u00eds o Berl\u00edn.\",\"breadcrumb\":{\"@id\":\"https:\/\/www.canamexeducation.com.mx\/es\/aprender-ingles-en-el-extranjero\/#breadcrumb\"},\"inLanguage\":\"es\",\"potentialAction\":[{\"@type\":\"ReadAction\",\"target\":[\"https:\/\/www.canamexeducation.com.mx\/es\/aprender-ingles-en-el-extranjero\/\"]}]},{\"@type\":\"BreadcrumbList\",\"@id\":\"https:\/\/www.canamexeducation.com.mx\/es\/aprender-ingles-en-el-extranjero\/#breadcrumb\",\"itemListElement\":[{\"@type\":\"ListItem\",\"position\":1,\"name\":\"Portada\",\"item\":\"https:\/\/www.canamexeducation.com.mx\/es\/\"},{\"@type\":\"ListItem\",\"position\":2,\"name\":\"Idiomas\"}]},{\"@type\":\"WebSite\",\"@id\":\"https:\/\/www.canamexeducation.com.mx\/es\/#website\",\"url\":\"https:\/\/www.canamexeducation.com.mx\/es\/\",\"name\":\"Canamex\",\"description\":\"Vamos a viajar y estudiar ingles\",\"potentialAction\":[{\"@type\":\"SearchAction\",\"target\":{\"@type\":\"EntryPoint\",\"urlTemplate\":\"https:\/\/www.canamexeducation.com.mx\/es\/?s={search_term_string}\"},\"query-input\":\"required name=search_term_string\"}],\"inLanguage\":\"es\"}]}<\/script>\n<!-- \/ Yoast SEO plugin. -->","yoast_head_json":{"title":"Aprender idiomas en el extranjero - Canamex Education","description":"Aprender idiomas en el extranjero adem\u00e1s de viajar, estudiar y vivir en otro pa\u00eds, es una experiencia \u00fanica. Conoce Toronto, Londres, Par\u00eds o Berl\u00edn.","robots":{"index":"index","follow":"follow","max-snippet":"max-snippet:-1","max-image-preview":"max-image-preview:large","max-video-preview":"max-video-preview:-1"},"canonical":"https:\/\/www.canamexeducation.com.mx\/es\/aprender-ingles-en-el-extranjero\/","og_locale":"es_ES","og_type":"article","og_title":"Aprender idiomas en el extranjero - Canamex Education","og_description":"Aprender idiomas en el extranjero adem\u00e1s de viajar, estudiar y vivir en otro pa\u00eds, es una experiencia \u00fanica. Conoce Toronto, Londres, Par\u00eds o Berl\u00edn.","og_url":"https:\/\/www.canamexeducation.com.mx\/es\/aprender-ingles-en-el-extranjero\/","og_site_name":"Canamex","article_modified_time":"2017-09-28T02:22:17+00:00","og_image":[{"url":"http:\/\/www.canamexeducation.com.mx\/es\/wp-content\/uploads\/2017\/09\/campamento_canamex2.jpg"}],"twitter_card":"summary_large_image","twitter_misc":{"Tiempo de lectura":"2 minutos"},"schema":{"@context":"https:\/\/schema.org","@graph":[{"@type":"WebPage","@id":"https:\/\/www.canamexeducation.com.mx\/es\/aprender-ingles-en-el-extranjero\/","url":"https:\/\/www.canamexeducation.com.mx\/es\/aprender-ingles-en-el-extranjero\/","name":"Aprender idiomas en el extranjero - Canamex Education","isPartOf":{"@id":"https:\/\/www.canamexeducation.com.mx\/es\/#website"},"datePublished":"2017-09-12T23:41:36+00:00","dateModified":"2017-09-28T02:22:17+00:00","description":"Aprender idiomas en el extranjero adem\u00e1s de viajar, estudiar y vivir en otro pa\u00eds, es una experiencia \u00fanica. Conoce Toronto, Londres, Par\u00eds o Berl\u00edn.","breadcrumb":{"@id":"https:\/\/www.canamexeducation.com.mx\/es\/aprender-ingles-en-el-extranjero\/#breadcrumb"},"inLanguage":"es","potentialAction":[{"@type":"ReadAction","target":["https:\/\/www.canamexeducation.com.mx\/es\/aprender-ingles-en-el-extranjero\/"]}]},{"@type":"BreadcrumbList","@id":"https:\/\/www.canamexeducation.com.mx\/es\/aprender-ingles-en-el-extranjero\/#breadcrumb","itemListElement":[{"@type":"ListItem","position":1,"name":"Portada","item":"https:\/\/www.canamexeducation.com.mx\/es\/"},{"@type":"ListItem","position":2,"name":"Idiomas"}]},{"@type":"WebSite","@id":"https:\/\/www.canamexeducation.com.mx\/es\/#website","url":"https:\/\/www.canamexeducation.com.mx\/es\/","name":"Canamex","description":"Vamos a viajar y estudiar ingles","potentialAction":[{"@type":"SearchAction","target":{"@type":"EntryPoint","urlTemplate":"https:\/\/www.canamexeducation.com.mx\/es\/?s={search_term_string}"},"query-input":"required name=search_term_string"}],"inLanguage":"es"}]}},"jetpack_sharing_enabled":true,"jetpack_shortlink":"https:\/\/wp.me\/P962OV-3t","jetpack-related-posts":[{"id":216,"url":"https:\/\/www.canamexeducation.com.mx\/es\/campamentos\/","url_meta":{"origin":215,"position":0},"title":"Campamentos","author":"admin","date":"septiembre 12, 2017","format":false,"excerpt":"\u00a1Nuestros campamentos de verano en el extranjero, son para ni\u00f1os y j\u00f3venes! Si est\u00e1s interesado en aprender un idioma, explorar una ciudad nueva y hacer amigos de diferentes nacionalidades, nos aseguramos de que esta experiencia sea inolvidable. \u00a1Viajar y aprender de forma divertida es posible! Un l\u00edder de Canamex Education\u2026","rel":"","context":"Entrada similar","block_context":{"text":"Entrada similar","link":""},"img":{"alt_text":"","src":"https:\/\/i0.wp.com\/www.canamexeducation.com.mx\/es\/wp-content\/uploads\/2017\/09\/campamento_canamex1.jpg?resize=350%2C200","width":350,"height":200,"srcset":"https:\/\/i0.wp.com\/www.canamexeducation.com.mx\/es\/wp-content\/uploads\/2017\/09\/campamento_canamex1.jpg?resize=350%2C200 1x, https:\/\/i0.wp.com\/www.canamexeducation.com.mx\/es\/wp-content\/uploads\/2017\/09\/campamento_canamex1.jpg?resize=525%2C300 1.5x"},"classes":[]},{"id":217,"url":"https:\/\/www.canamexeducation.com.mx\/es\/anos-escolares\/","url_meta":{"origin":215,"position":1},"title":"A\u00f1os escolares","author":"admin","date":"septiembre 12, 2017","format":false,"excerpt":"Estudia la secundaria y la preparatoria en el extranjero. Estudiar a\u00f1os escolares en las mejores escuelas p\u00fablicas o privadas en otro pa\u00eds te permitir\u00e1 incrementar tu visi\u00f3n global, conocer y aprender diferentes culturas en diferentes pa\u00edses en un ambiente totalmente internacional. Las escuelas para estudiar la secundaria y la preparatoria\u2026","rel":"","context":"Entrada similar","block_context":{"text":"Entrada similar","link":""},"img":{"alt_text":"","src":"https:\/\/i0.wp.com\/www.canamexeducation.com.mx\/es\/wp-content\/uploads\/2017\/09\/a\u00c3\u00b1os_escolares1.jpg?resize=350%2C200","width":350,"height":200},"classes":[]},{"id":88,"url":"https:\/\/www.canamexeducation.com.mx\/es\/contacto\/","url_meta":{"origin":215,"position":2},"title":"Contacto","author":"admin","date":"agosto 24, 2017","format":false,"excerpt":"Cont\u00e1ctanos, nosotros te asesoramos. Nosotros te brindamos informaci\u00f3n para viajar, estudiar y vivir en el extranjero, ser\u00e1 una experiencia \u00fanica. \u00a0","rel":"","context":"Entrada similar","block_context":{"text":"Entrada similar","link":""},"img":{"alt_text":"","src":"","width":0,"height":0},"classes":[]},{"id":259,"url":"https:\/\/www.canamexeducation.com.mx\/es\/servcios\/","url_meta":{"origin":215,"position":3},"title":"Servicios","author":"admin","date":"septiembre 13, 2017","format":false,"excerpt":"Brindamos servicios que facilitan tu viaje al extranjero. Antes y despu\u00e9s de tus estudios, te apoyamos y asesoramos para facilitar tus tr\u00e1mites, somos expertos. \u00a0 Permisos de Estudio. Si tu programa de estudio en el extranjero es mayor a 6 meses, debes tr\u00e1mitar un permiso para estudiar por el periodo\u2026","rel":"","context":"Entrada similar","block_context":{"text":"Entrada similar","link":""},"img":{"alt_text":"","src":"https:\/\/i0.wp.com\/www.canamexeducation.com.mx\/es\/wp-content\/uploads\/2017\/09\/PR-Canada-1.jpg?resize=350%2C200","width":350,"height":200},"classes":[]},{"id":365,"url":"https:\/\/www.canamexeducation.com.mx\/es\/aviso-de-privacidad\/","url_meta":{"origin":215,"position":4},"title":"Aviso de privacidad","author":"admin","date":"septiembre 29, 2017","format":false,"excerpt":"AVISO DE PRIVACIDAD Louissy Garnica Soria, mejor conocida como Canamex Education, con domicilio en calle Islas Malvinas 38, Colonia Residencial Chiluca, ciudad M\u00e9xico, Municipio Chiluca, C.P. 52930, en la entidad de Estado de M\u00e9xico, pa\u00eds M\u00e9xico y portal de internet www.canamexeducation.com.mx, es el responsable del uso y protecci\u00f3n de sus\u2026","rel":"","context":"Entrada similar","block_context":{"text":"Entrada similar","link":""},"img":{"alt_text":"","src":"","width":0,"height":0},"classes":[]}],"_links":{"self":[{"href":"https:\/\/www.canamexeducation.com.mx\/es\/wp-json\/wp\/v2\/pages\/215"}],"collection":[{"href":"https:\/\/www.canamexeducation.com.mx\/es\/wp-json\/wp\/v2\/pages"}],"about":[{"href":"https:\/\/www.canamexeducation.com.mx\/es\/wp-json\/wp\/v2\/types\/page"}],"author":[{"embeddable":true,"href":"https:\/\/www.canamexeducation.com.mx\/es\/wp-json\/wp\/v2\/users\/1"}],"replies":[{"embeddable":true,"href":"https:\/\/www.canamexeducation.com.mx\/es\/wp-json\/wp\/v2\/comments?post=215"}],"version-history":[{"count":24,"href":"https:\/\/www.canamexeducation.com.mx\/es\/wp-json\/wp\/v2\/pages\/215\/revisions"}],"predecessor-version":[{"id":351,"href":"https:\/\/www.canamexeducation.com.mx\/es\/wp-json\/wp\/v2\/pages\/215\/revisions\/351"}],"wp:attachment":[{"href":"https:\/\/www.canamexeducation.com.mx\/es\/wp-json\/wp\/v2\/media?parent=215"}],"curies":[{"name":"wp","href":"https:\/\/api.w.org\/{rel}","templated":true}]}}